{"id":17582,"date":"2024-02-05T14:37:44","date_gmt":"2024-02-05T13:37:44","guid":{"rendered":"https:\/\/blue-bees.fr\/?post_type=product&#038;p=17582"},"modified":"2024-02-05T14:45:34","modified_gmt":"2024-02-05T13:45:34","slug":"a-bees-world","status":"publish","type":"product","link":"https:\/\/blue-bees.fr\/es\/produit\/a-bees-world\/","title":{"rendered":"A Bees\u2019<br\/>World"},"content":{"rendered":"<p style=\"font-weight: 400;\">30 ans d&#8217;aventure entrepreneuriale. L&#8217;ouvrage raconte, sur fond de la Grande Histoire, l&#8217;aventure entrepreneuriale du groupe Fifty Bees, cr\u00e9\u00e9 en 1993 et d\u00e9di\u00e9 \u00e0 l&#8217;accompagnement des entrepreneurs sur tous les sujets qui accompagnent leur quotidien.<\/p>\n<p style=\"font-weight: 400;\">Le livre rassemble des interviews et t\u00e9moignages des collaborateurs et clients du groupe. Un r\u00e9cit inspirant qui donne envie d\u2019entreprendre et de mener \u00e0 bien vos projets\u2026et vos r\u00eaves\u00a0!<\/p>\n<p style=\"font-weight: 400;\">Livre reli\u00e9 \u2013 120 pages couleur &#8211; Bilingue Fran\u00e7ais\/Anglais<\/p>\n<p style=\"font-weight: 400;\">Format : 218 x 280 mm<\/p>\n<p style=\"font-weight: 400;\">\u00c9diteur\u00a0: \u00c9ditions La Bee est Belle<\/p>\n<p style=\"font-weight: 400;\">ISBN 9978-2-9574015-1-2<\/p>\n","protected":false},"excerpt":{"rendered":"<p>30 ans d\u2019aventure entrepreneuriale !<\/p>\n","protected":false},"featured_media":17584,"template":"","meta":[],"product_brand":[],"product_cat":[168],"product_tag":[],"class_list":{"0":"post-17582","1":"product","2":"type-product","3":"status-publish","4":"has-post-thumbnail","6":"product_cat-editions","7":"product_shipping_class-expedition-edition","9":"first","10":"instock","11":"purchasable","12":"product-type-simple"},"yoast_head":"<!-- This site is optimized with the Yoast SEO plugin v25.7 - https:\/\/yoast.com\/wordpress\/plugins\/seo\/ -->\n<title>A Bees\u2019World - Blue Bees<\/title>\n<meta name=\"description\" content=\"L&#039;aventure entrepreneuriale du groupe Fifty Bees : un r\u00e9cit inspirant qui donne envie d\u2019entreprendre et de mener \u00e0 bien vos projets\u2026et vos r\u00eaves !\" \/>\n<meta name=\"robots\" content=\"index, follow, max-snippet:-1, max-image-preview:large, max-video-preview:-1\" \/>\n<link rel=\"canonical\" href=\"https:\/\/blue-bees.fr\/es\/produit\/a-bees-world\/\" \/>\n<meta property=\"og:locale\" content=\"es_ES\" \/>\n<meta property=\"og:type\" content=\"article\" \/>\n<meta property=\"og:title\" content=\"A Bees\u2019World - Blue Bees\" \/>\n<meta property=\"og:description\" content=\"L&#039;aventure entrepreneuriale du groupe Fifty Bees : un r\u00e9cit inspirant qui donne envie d\u2019entreprendre et de mener \u00e0 bien vos projets\u2026et vos r\u00eaves !\" \/>\n<meta property=\"og:url\" content=\"https:\/\/blue-bees.fr\/es\/produit\/a-bees-world\/\" \/>\n<meta property=\"og:site_name\" content=\"Blue Bees\" \/>\n<meta property=\"article:modified_time\" content=\"2024-02-05T13:45:34+00:00\" \/>\n<meta property=\"og:image\" content=\"https:\/\/blue-bees.fr\/wp-content\/uploads\/2024\/02\/Blue-Bees-Couv-A-Bees-world-recto.jpg\" \/>\n\t<meta property=\"og:image:width\" content=\"796\" \/>\n\t<meta property=\"og:image:height\" content=\"1085\" \/>\n\t<meta property=\"og:image:type\" content=\"image\/jpeg\" \/>\n<meta name=\"twitter:card\" content=\"summary_large_image\" \/>\n<meta name=\"twitter:label1\" content=\"Tiempo de lectura\" \/>\n\t<meta name=\"twitter:data1\" content=\"1 minuto\" \/>\n<script type=\"application\/ld+json\" class=\"yoast-schema-graph\">{\"@context\":\"https:\/\/schema.org\",\"@graph\":[{\"@type\":\"WebPage\",\"@id\":\"https:\/\/blue-bees.fr\/es\/produit\/a-bees-world\/\",\"url\":\"https:\/\/blue-bees.fr\/es\/produit\/a-bees-world\/\",\"name\":\"A Bees\u2019 World - Blue Bees\",\"isPartOf\":{\"@id\":\"https:\/\/blue-bees.fr\/es\/#website\"},\"primaryImageOfPage\":{\"@id\":\"https:\/\/blue-bees.fr\/es\/produit\/a-bees-world\/#primaryimage\"},\"image\":{\"@id\":\"https:\/\/blue-bees.fr\/es\/produit\/a-bees-world\/#primaryimage\"},\"thumbnailUrl\":\"https:\/\/blue-bees.fr\/wp-content\/uploads\/2024\/02\/Blue-Bees-Couv-A-Bees-world-recto.jpg\",\"datePublished\":\"2024-02-05T13:37:44+00:00\",\"dateModified\":\"2024-02-05T13:45:34+00:00\",\"description\":\"L'aventure entrepreneuriale du groupe Fifty Bees : un r\u00e9cit inspirant qui donne envie d\u2019entreprendre et de mener \u00e0 bien vos projets\u2026et vos r\u00eaves !\",\"breadcrumb\":{\"@id\":\"https:\/\/blue-bees.fr\/es\/produit\/a-bees-world\/#breadcrumb\"},\"inLanguage\":\"es\",\"potentialAction\":[{\"@type\":\"ReadAction\",\"target\":[\"https:\/\/blue-bees.fr\/es\/produit\/a-bees-world\/\"]}]},{\"@type\":\"ImageObject\",\"inLanguage\":\"es\",\"@id\":\"https:\/\/blue-bees.fr\/es\/produit\/a-bees-world\/#primaryimage\",\"url\":\"https:\/\/blue-bees.fr\/wp-content\/uploads\/2024\/02\/Blue-Bees-Couv-A-Bees-world-recto.jpg\",\"contentUrl\":\"https:\/\/blue-bees.fr\/wp-content\/uploads\/2024\/02\/Blue-Bees-Couv-A-Bees-world-recto.jpg\",\"width\":796,\"height\":1085},{\"@type\":\"BreadcrumbList\",\"@id\":\"https:\/\/blue-bees.fr\/es\/produit\/a-bees-world\/#breadcrumb\",\"itemListElement\":[{\"@type\":\"ListItem\",\"position\":1,\"name\":\"Accueil\",\"item\":\"https:\/\/blue-bees.fr\/es\/\"},{\"@type\":\"ListItem\",\"position\":2,\"name\":\"Tienda\",\"item\":\"https:\/\/blue-bees.fr\/es\/tienda\/\"},{\"@type\":\"ListItem\",\"position\":3,\"name\":\"A Bees\u2019World\"}]},{\"@type\":\"WebSite\",\"@id\":\"https:\/\/blue-bees.fr\/es\/#website\",\"url\":\"https:\/\/blue-bees.fr\/es\/\",\"name\":\"Blue Bees\",\"description\":\"Innover l&#039;entreprise\",\"publisher\":{\"@id\":\"https:\/\/blue-bees.fr\/es\/#organization\"},\"potentialAction\":[{\"@type\":\"SearchAction\",\"target\":{\"@type\":\"EntryPoint\",\"urlTemplate\":\"https:\/\/blue-bees.fr\/es\/?s={search_term_string}\"},\"query-input\":{\"@type\":\"PropertyValueSpecification\",\"valueRequired\":true,\"valueName\":\"search_term_string\"}}],\"inLanguage\":\"es\"},{\"@type\":\"Organization\",\"@id\":\"https:\/\/blue-bees.fr\/es\/#organization\",\"name\":\"Blue Bees\",\"url\":\"https:\/\/blue-bees.fr\/es\/\",\"logo\":{\"@type\":\"ImageObject\",\"inLanguage\":\"es\",\"@id\":\"https:\/\/blue-bees.fr\/es\/#\/schema\/logo\/image\/\",\"url\":\"https:\/\/blue-bees.fr\/wp-content\/uploads\/2019\/05\/logo_the_blue_bees_500px.jpg\",\"contentUrl\":\"https:\/\/blue-bees.fr\/wp-content\/uploads\/2019\/05\/logo_the_blue_bees_500px.jpg\",\"width\":500,\"height\":276,\"caption\":\"Blue Bees\"},\"image\":{\"@id\":\"https:\/\/blue-bees.fr\/es\/#\/schema\/logo\/image\/\"}}]}<\/script>\n<!-- \/ Yoast SEO plugin. -->","yoast_head_json":{"title":"A Bees\u2019World - Blue Bees","description":"L'aventure entrepreneuriale du groupe Fifty Bees : un r\u00e9cit inspirant qui donne envie d\u2019entreprendre et de mener \u00e0 bien vos projets\u2026et vos r\u00eaves !","robots":{"index":"index","follow":"follow","max-snippet":"max-snippet:-1","max-image-preview":"max-image-preview:large","max-video-preview":"max-video-preview:-1"},"canonical":"https:\/\/blue-bees.fr\/es\/produit\/a-bees-world\/","og_locale":"es_ES","og_type":"article","og_title":"A Bees\u2019World - Blue Bees","og_description":"L'aventure entrepreneuriale du groupe Fifty Bees : un r\u00e9cit inspirant qui donne envie d\u2019entreprendre et de mener \u00e0 bien vos projets\u2026et vos r\u00eaves !","og_url":"https:\/\/blue-bees.fr\/es\/produit\/a-bees-world\/","og_site_name":"Blue Bees","article_modified_time":"2024-02-05T13:45:34+00:00","og_image":[{"width":796,"height":1085,"url":"https:\/\/blue-bees.fr\/wp-content\/uploads\/2024\/02\/Blue-Bees-Couv-A-Bees-world-recto.jpg","type":"image\/jpeg"}],"twitter_card":"summary_large_image","twitter_misc":{"Tiempo de lectura":"1 minuto"},"schema":{"@context":"https:\/\/schema.org","@graph":[{"@type":"WebPage","@id":"https:\/\/blue-bees.fr\/es\/produit\/a-bees-world\/","url":"https:\/\/blue-bees.fr\/es\/produit\/a-bees-world\/","name":"A Bees\u2019 World - Blue Bees","isPartOf":{"@id":"https:\/\/blue-bees.fr\/es\/#website"},"primaryImageOfPage":{"@id":"https:\/\/blue-bees.fr\/es\/produit\/a-bees-world\/#primaryimage"},"image":{"@id":"https:\/\/blue-bees.fr\/es\/produit\/a-bees-world\/#primaryimage"},"thumbnailUrl":"https:\/\/blue-bees.fr\/wp-content\/uploads\/2024\/02\/Blue-Bees-Couv-A-Bees-world-recto.jpg","datePublished":"2024-02-05T13:37:44+00:00","dateModified":"2024-02-05T13:45:34+00:00","description":"L'aventure entrepreneuriale du groupe Fifty Bees : un r\u00e9cit inspirant qui donne envie d\u2019entreprendre et de mener \u00e0 bien vos projets\u2026et vos r\u00eaves !","breadcrumb":{"@id":"https:\/\/blue-bees.fr\/es\/produit\/a-bees-world\/#breadcrumb"},"inLanguage":"es","potentialAction":[{"@type":"ReadAction","target":["https:\/\/blue-bees.fr\/es\/produit\/a-bees-world\/"]}]},{"@type":"ImageObject","inLanguage":"es","@id":"https:\/\/blue-bees.fr\/es\/produit\/a-bees-world\/#primaryimage","url":"https:\/\/blue-bees.fr\/wp-content\/uploads\/2024\/02\/Blue-Bees-Couv-A-Bees-world-recto.jpg","contentUrl":"https:\/\/blue-bees.fr\/wp-content\/uploads\/2024\/02\/Blue-Bees-Couv-A-Bees-world-recto.jpg","width":796,"height":1085},{"@type":"BreadcrumbList","@id":"https:\/\/blue-bees.fr\/es\/produit\/a-bees-world\/#breadcrumb","itemListElement":[{"@type":"ListItem","position":1,"name":"Accueil","item":"https:\/\/blue-bees.fr\/es\/"},{"@type":"ListItem","position":2,"name":"Tienda","item":"https:\/\/blue-bees.fr\/es\/tienda\/"},{"@type":"ListItem","position":3,"name":"A Bees\u2019World"}]},{"@type":"WebSite","@id":"https:\/\/blue-bees.fr\/es\/#website","url":"https:\/\/blue-bees.fr\/es\/","name":"Blue Bees","description":"Innover l&#039;entreprise","publisher":{"@id":"https:\/\/blue-bees.fr\/es\/#organization"},"potentialAction":[{"@type":"SearchAction","target":{"@type":"EntryPoint","urlTemplate":"https:\/\/blue-bees.fr\/es\/?s={search_term_string}"},"query-input":{"@type":"PropertyValueSpecification","valueRequired":true,"valueName":"search_term_string"}}],"inLanguage":"es"},{"@type":"Organization","@id":"https:\/\/blue-bees.fr\/es\/#organization","name":"Blue Bees","url":"https:\/\/blue-bees.fr\/es\/","logo":{"@type":"ImageObject","inLanguage":"es","@id":"https:\/\/blue-bees.fr\/es\/#\/schema\/logo\/image\/","url":"https:\/\/blue-bees.fr\/wp-content\/uploads\/2019\/05\/logo_the_blue_bees_500px.jpg","contentUrl":"https:\/\/blue-bees.fr\/wp-content\/uploads\/2019\/05\/logo_the_blue_bees_500px.jpg","width":500,"height":276,"caption":"Blue Bees"},"image":{"@id":"https:\/\/blue-bees.fr\/es\/#\/schema\/logo\/image\/"}}]}},"_links":{"self":[{"href":"https:\/\/blue-bees.fr\/es\/wp-json\/wp\/v2\/product\/17582","targetHints":{"allow":["GET"]}}],"collection":[{"href":"https:\/\/blue-bees.fr\/es\/wp-json\/wp\/v2\/product"}],"about":[{"href":"https:\/\/blue-bees.fr\/es\/wp-json\/wp\/v2\/types\/product"}],"wp:featuredmedia":[{"embeddable":true,"href":"https:\/\/blue-bees.fr\/es\/wp-json\/wp\/v2\/media\/17584"}],"wp:attachment":[{"href":"https:\/\/blue-bees.fr\/es\/wp-json\/wp\/v2\/media?parent=17582"}],"wp:term":[{"taxonomy":"product_brand","embeddable":true,"href":"https:\/\/blue-bees.fr\/es\/wp-json\/wp\/v2\/product_brand?post=17582"},{"taxonomy":"product_cat","embeddable":true,"href":"https:\/\/blue-bees.fr\/es\/wp-json\/wp\/v2\/product_cat?post=17582"},{"taxonomy":"product_tag","embeddable":true,"href":"https:\/\/blue-bees.fr\/es\/wp-json\/wp\/v2\/product_tag?post=17582"}],"curies":[{"name":"wp","href":"https:\/\/api.w.org\/{rel}","templated":true}]}}