{"id":16844,"date":"2021-02-22T09:46:31","date_gmt":"2021-02-22T08:46:31","guid":{"rendered":"https:\/\/blue-bees.fr\/?post_type=product&#038;p=16844"},"modified":"2024-02-05T14:46:33","modified_gmt":"2024-02-05T13:46:33","slug":"petite-jen-revais-deja","status":"publish","type":"product","link":"https:\/\/blue-bees.fr\/es\/produit\/petite-jen-revais-deja\/","title":{"rendered":"Petit(e), <br\/>j\u2019en r\u00eavais d\u00e9j\u00e0<br\/>"},"content":{"rendered":"<p style=\"font-weight: 400;\">L\u2019histoire\u00a0: Ren\u00e9 Char disait qu\u2019\u00abIl n&#8217;y a que deux conduites avec la vie : Ou on la r\u00eave ou on l&#8217;accomplit. \u00bb Et s\u2019il y avait une autre voie ? Si, tout simplement, on faisait les deux ?<\/p>\n<p style=\"font-weight: 400;\">Cet ouvrage, hommage \u00e0 tous ceux qui entreprennent, met en lumi\u00e8re athl\u00e8tes et artistes qui ont r\u00e9ussi \u00e0 vivre au quotidien de leur passion. Seize portraits sinc\u00e8res et inspirants qui donnent le go\u00fbt d\u2019entreprendre ou l\u2019envie de transformer les r\u00eaves en r\u00e9alit\u00e9\u2026<\/p>\n<p style=\"font-weight: 400;\">Livre reli\u00e9 \u2013 184 pages couleur<\/p>\n<p style=\"font-weight: 400;\">Format\u00a0: 215 x 280 mm<\/p>\n<p style=\"font-weight: 400;\">\u00c9diteur\u00a0: \u00c9ditions La Bee est Belle<\/p>\n<p style=\"font-weight: 400;\">ISBN 978-2-9574015-0-5<\/p>\n","protected":false},"excerpt":{"rendered":"<p>Le premier livre des \u00e9ditions La Bee est belle.<\/p>\n","protected":false},"featured_media":16841,"template":"","meta":[],"product_brand":[],"product_cat":[168],"product_tag":[],"class_list":{"0":"post-16844","1":"product","2":"type-product","3":"status-publish","4":"has-post-thumbnail","6":"product_cat-editions","7":"product_shipping_class-expedition-edition","9":"first","10":"instock","11":"purchasable","12":"product-type-simple"},"yoast_head":"<!-- This site is optimized with the Yoast SEO plugin v25.7 - https:\/\/yoast.com\/wordpress\/plugins\/seo\/ -->\n<title>Petit(e), j\u2019en r\u00eavais d\u00e9j\u00e0 - Blue Bees<\/title>\n<meta name=\"description\" content=\"D\u00e9couvrez cet ouvrage, hommage \u00e0 tous ceux qui entreprennent, athl\u00e8tes et artistes qui ont r\u00e9ussi \u00e0 vivre au quotidien de leur passion.\" \/>\n<meta name=\"robots\" content=\"index, follow, max-snippet:-1, max-image-preview:large, max-video-preview:-1\" \/>\n<link rel=\"canonical\" href=\"https:\/\/blue-bees.fr\/es\/produit\/petite-jen-revais-deja\/\" \/>\n<meta property=\"og:locale\" content=\"es_ES\" \/>\n<meta property=\"og:type\" content=\"article\" \/>\n<meta property=\"og:title\" content=\"Petit(e), j\u2019en r\u00eavais d\u00e9j\u00e0 - Blue Bees\" \/>\n<meta property=\"og:description\" content=\"D\u00e9couvrez cet ouvrage, hommage \u00e0 tous ceux qui entreprennent, athl\u00e8tes et artistes qui ont r\u00e9ussi \u00e0 vivre au quotidien de leur passion.\" \/>\n<meta property=\"og:url\" content=\"https:\/\/blue-bees.fr\/es\/produit\/petite-jen-revais-deja\/\" \/>\n<meta property=\"og:site_name\" content=\"Blue Bees\" \/>\n<meta property=\"article:modified_time\" content=\"2024-02-05T13:46:33+00:00\" \/>\n<meta property=\"og:image\" content=\"https:\/\/blue-bees.fr\/wp-content\/uploads\/2021\/02\/produit-edition-livre-petite-j-en-revais-deja-couverture.jpg\" \/>\n\t<meta property=\"og:image:width\" content=\"800\" \/>\n\t<meta property=\"og:image:height\" content=\"1085\" \/>\n\t<meta property=\"og:image:type\" content=\"image\/jpeg\" \/>\n<meta name=\"twitter:card\" content=\"summary_large_image\" \/>\n<meta name=\"twitter:label1\" content=\"Tiempo de lectura\" \/>\n\t<meta name=\"twitter:data1\" content=\"1 minuto\" \/>\n<script type=\"application\/ld+json\" class=\"yoast-schema-graph\">{\"@context\":\"https:\/\/schema.org\",\"@graph\":[{\"@type\":\"WebPage\",\"@id\":\"https:\/\/blue-bees.fr\/es\/produit\/petite-jen-revais-deja\/\",\"url\":\"https:\/\/blue-bees.fr\/es\/produit\/petite-jen-revais-deja\/\",\"name\":\"Petit(e), j\u2019en r\u00eavais d\u00e9j\u00e0 - Blue Bees\",\"isPartOf\":{\"@id\":\"https:\/\/blue-bees.fr\/es\/#website\"},\"primaryImageOfPage\":{\"@id\":\"https:\/\/blue-bees.fr\/es\/produit\/petite-jen-revais-deja\/#primaryimage\"},\"image\":{\"@id\":\"https:\/\/blue-bees.fr\/es\/produit\/petite-jen-revais-deja\/#primaryimage\"},\"thumbnailUrl\":\"https:\/\/blue-bees.fr\/wp-content\/uploads\/2021\/02\/produit-edition-livre-petite-j-en-revais-deja-couverture.jpg\",\"datePublished\":\"2021-02-22T08:46:31+00:00\",\"dateModified\":\"2024-02-05T13:46:33+00:00\",\"description\":\"D\u00e9couvrez cet ouvrage, hommage \u00e0 tous ceux qui entreprennent, athl\u00e8tes et artistes qui ont r\u00e9ussi \u00e0 vivre au quotidien de leur passion.\",\"breadcrumb\":{\"@id\":\"https:\/\/blue-bees.fr\/es\/produit\/petite-jen-revais-deja\/#breadcrumb\"},\"inLanguage\":\"es\",\"potentialAction\":[{\"@type\":\"ReadAction\",\"target\":[\"https:\/\/blue-bees.fr\/es\/produit\/petite-jen-revais-deja\/\"]}]},{\"@type\":\"ImageObject\",\"inLanguage\":\"es\",\"@id\":\"https:\/\/blue-bees.fr\/es\/produit\/petite-jen-revais-deja\/#primaryimage\",\"url\":\"https:\/\/blue-bees.fr\/wp-content\/uploads\/2021\/02\/produit-edition-livre-petite-j-en-revais-deja-couverture.jpg\",\"contentUrl\":\"https:\/\/blue-bees.fr\/wp-content\/uploads\/2021\/02\/produit-edition-livre-petite-j-en-revais-deja-couverture.jpg\",\"width\":800,\"height\":1085},{\"@type\":\"BreadcrumbList\",\"@id\":\"https:\/\/blue-bees.fr\/es\/produit\/petite-jen-revais-deja\/#breadcrumb\",\"itemListElement\":[{\"@type\":\"ListItem\",\"position\":1,\"name\":\"Accueil\",\"item\":\"https:\/\/blue-bees.fr\/es\/\"},{\"@type\":\"ListItem\",\"position\":2,\"name\":\"Tienda\",\"item\":\"https:\/\/blue-bees.fr\/es\/tienda\/\"},{\"@type\":\"ListItem\",\"position\":3,\"name\":\"Petit(e), j\u2019en r\u00eavais d\u00e9j\u00e0\"}]},{\"@type\":\"WebSite\",\"@id\":\"https:\/\/blue-bees.fr\/es\/#website\",\"url\":\"https:\/\/blue-bees.fr\/es\/\",\"name\":\"Blue Bees\",\"description\":\"Innover l&#039;entreprise\",\"publisher\":{\"@id\":\"https:\/\/blue-bees.fr\/es\/#organization\"},\"potentialAction\":[{\"@type\":\"SearchAction\",\"target\":{\"@type\":\"EntryPoint\",\"urlTemplate\":\"https:\/\/blue-bees.fr\/es\/?s={search_term_string}\"},\"query-input\":{\"@type\":\"PropertyValueSpecification\",\"valueRequired\":true,\"valueName\":\"search_term_string\"}}],\"inLanguage\":\"es\"},{\"@type\":\"Organization\",\"@id\":\"https:\/\/blue-bees.fr\/es\/#organization\",\"name\":\"Blue Bees\",\"url\":\"https:\/\/blue-bees.fr\/es\/\",\"logo\":{\"@type\":\"ImageObject\",\"inLanguage\":\"es\",\"@id\":\"https:\/\/blue-bees.fr\/es\/#\/schema\/logo\/image\/\",\"url\":\"https:\/\/blue-bees.fr\/wp-content\/uploads\/2019\/05\/logo_the_blue_bees_500px.jpg\",\"contentUrl\":\"https:\/\/blue-bees.fr\/wp-content\/uploads\/2019\/05\/logo_the_blue_bees_500px.jpg\",\"width\":500,\"height\":276,\"caption\":\"Blue Bees\"},\"image\":{\"@id\":\"https:\/\/blue-bees.fr\/es\/#\/schema\/logo\/image\/\"}}]}<\/script>\n<!-- \/ Yoast SEO plugin. -->","yoast_head_json":{"title":"Petit(e), j\u2019en r\u00eavais d\u00e9j\u00e0 - Blue Bees","description":"D\u00e9couvrez cet ouvrage, hommage \u00e0 tous ceux qui entreprennent, athl\u00e8tes et artistes qui ont r\u00e9ussi \u00e0 vivre au quotidien de leur passion.","robots":{"index":"index","follow":"follow","max-snippet":"max-snippet:-1","max-image-preview":"max-image-preview:large","max-video-preview":"max-video-preview:-1"},"canonical":"https:\/\/blue-bees.fr\/es\/produit\/petite-jen-revais-deja\/","og_locale":"es_ES","og_type":"article","og_title":"Petit(e), j\u2019en r\u00eavais d\u00e9j\u00e0 - Blue Bees","og_description":"D\u00e9couvrez cet ouvrage, hommage \u00e0 tous ceux qui entreprennent, athl\u00e8tes et artistes qui ont r\u00e9ussi \u00e0 vivre au quotidien de leur passion.","og_url":"https:\/\/blue-bees.fr\/es\/produit\/petite-jen-revais-deja\/","og_site_name":"Blue Bees","article_modified_time":"2024-02-05T13:46:33+00:00","og_image":[{"width":800,"height":1085,"url":"https:\/\/blue-bees.fr\/wp-content\/uploads\/2021\/02\/produit-edition-livre-petite-j-en-revais-deja-couverture.jpg","type":"image\/jpeg"}],"twitter_card":"summary_large_image","twitter_misc":{"Tiempo de lectura":"1 minuto"},"schema":{"@context":"https:\/\/schema.org","@graph":[{"@type":"WebPage","@id":"https:\/\/blue-bees.fr\/es\/produit\/petite-jen-revais-deja\/","url":"https:\/\/blue-bees.fr\/es\/produit\/petite-jen-revais-deja\/","name":"Petit(e), j\u2019en r\u00eavais d\u00e9j\u00e0 - Blue Bees","isPartOf":{"@id":"https:\/\/blue-bees.fr\/es\/#website"},"primaryImageOfPage":{"@id":"https:\/\/blue-bees.fr\/es\/produit\/petite-jen-revais-deja\/#primaryimage"},"image":{"@id":"https:\/\/blue-bees.fr\/es\/produit\/petite-jen-revais-deja\/#primaryimage"},"thumbnailUrl":"https:\/\/blue-bees.fr\/wp-content\/uploads\/2021\/02\/produit-edition-livre-petite-j-en-revais-deja-couverture.jpg","datePublished":"2021-02-22T08:46:31+00:00","dateModified":"2024-02-05T13:46:33+00:00","description":"D\u00e9couvrez cet ouvrage, hommage \u00e0 tous ceux qui entreprennent, athl\u00e8tes et artistes qui ont r\u00e9ussi \u00e0 vivre au quotidien de leur passion.","breadcrumb":{"@id":"https:\/\/blue-bees.fr\/es\/produit\/petite-jen-revais-deja\/#breadcrumb"},"inLanguage":"es","potentialAction":[{"@type":"ReadAction","target":["https:\/\/blue-bees.fr\/es\/produit\/petite-jen-revais-deja\/"]}]},{"@type":"ImageObject","inLanguage":"es","@id":"https:\/\/blue-bees.fr\/es\/produit\/petite-jen-revais-deja\/#primaryimage","url":"https:\/\/blue-bees.fr\/wp-content\/uploads\/2021\/02\/produit-edition-livre-petite-j-en-revais-deja-couverture.jpg","contentUrl":"https:\/\/blue-bees.fr\/wp-content\/uploads\/2021\/02\/produit-edition-livre-petite-j-en-revais-deja-couverture.jpg","width":800,"height":1085},{"@type":"BreadcrumbList","@id":"https:\/\/blue-bees.fr\/es\/produit\/petite-jen-revais-deja\/#breadcrumb","itemListElement":[{"@type":"ListItem","position":1,"name":"Accueil","item":"https:\/\/blue-bees.fr\/es\/"},{"@type":"ListItem","position":2,"name":"Tienda","item":"https:\/\/blue-bees.fr\/es\/tienda\/"},{"@type":"ListItem","position":3,"name":"Petit(e), j\u2019en r\u00eavais d\u00e9j\u00e0"}]},{"@type":"WebSite","@id":"https:\/\/blue-bees.fr\/es\/#website","url":"https:\/\/blue-bees.fr\/es\/","name":"Blue Bees","description":"Innover l&#039;entreprise","publisher":{"@id":"https:\/\/blue-bees.fr\/es\/#organization"},"potentialAction":[{"@type":"SearchAction","target":{"@type":"EntryPoint","urlTemplate":"https:\/\/blue-bees.fr\/es\/?s={search_term_string}"},"query-input":{"@type":"PropertyValueSpecification","valueRequired":true,"valueName":"search_term_string"}}],"inLanguage":"es"},{"@type":"Organization","@id":"https:\/\/blue-bees.fr\/es\/#organization","name":"Blue Bees","url":"https:\/\/blue-bees.fr\/es\/","logo":{"@type":"ImageObject","inLanguage":"es","@id":"https:\/\/blue-bees.fr\/es\/#\/schema\/logo\/image\/","url":"https:\/\/blue-bees.fr\/wp-content\/uploads\/2019\/05\/logo_the_blue_bees_500px.jpg","contentUrl":"https:\/\/blue-bees.fr\/wp-content\/uploads\/2019\/05\/logo_the_blue_bees_500px.jpg","width":500,"height":276,"caption":"Blue Bees"},"image":{"@id":"https:\/\/blue-bees.fr\/es\/#\/schema\/logo\/image\/"}}]}},"_links":{"self":[{"href":"https:\/\/blue-bees.fr\/es\/wp-json\/wp\/v2\/product\/16844","targetHints":{"allow":["GET"]}}],"collection":[{"href":"https:\/\/blue-bees.fr\/es\/wp-json\/wp\/v2\/product"}],"about":[{"href":"https:\/\/blue-bees.fr\/es\/wp-json\/wp\/v2\/types\/product"}],"wp:featuredmedia":[{"embeddable":true,"href":"https:\/\/blue-bees.fr\/es\/wp-json\/wp\/v2\/media\/16841"}],"wp:attachment":[{"href":"https:\/\/blue-bees.fr\/es\/wp-json\/wp\/v2\/media?parent=16844"}],"wp:term":[{"taxonomy":"product_brand","embeddable":true,"href":"https:\/\/blue-bees.fr\/es\/wp-json\/wp\/v2\/product_brand?post=16844"},{"taxonomy":"product_cat","embeddable":true,"href":"https:\/\/blue-bees.fr\/es\/wp-json\/wp\/v2\/product_cat?post=16844"},{"taxonomy":"product_tag","embeddable":true,"href":"https:\/\/blue-bees.fr\/es\/wp-json\/wp\/v2\/product_tag?post=16844"}],"curies":[{"name":"wp","href":"https:\/\/api.w.org\/{rel}","templated":true}]}}