{"id":16953,"date":"2021-04-02T12:11:08","date_gmt":"2021-04-02T10:11:08","guid":{"rendered":"https:\/\/blue-bees.fr\/rythm-nblue\/"},"modified":"2021-04-14T15:03:04","modified_gmt":"2021-04-14T13:03:04","slug":"rythm-nblue","status":"publish","type":"page","link":"https:\/\/blue-bees.fr\/es\/rythm-nblue\/","title":{"rendered":"Rythm n&#8217;Blue"},"content":{"rendered":"<div class=\"wpb-content-wrapper\"><p>[vc_row css_animation=\u00bb\u00bb row_type=\u00bbrow\u00bb use_row_as_full_screen_section=\u00bbno\u00bb type=\u00bbfull_width\u00bb angled_section=\u00bbno\u00bb text_align=\u00bbleft\u00bb background_image_as_pattern=\u00bbwithout_pattern\u00bb css=\u00bb.vc_custom_1562910431163{background-color: #ffffff !important;}\u00bb z_index=\u00bb\u00bb][vc_column][vc_separator type=\u00bbtransparent\u00bb][\/vc_column][\/vc_row][vc_row css_animation=\u00bb\u00bb row_type=\u00bbrow\u00bb use_row_as_full_screen_section=\u00bbno\u00bb type=\u00bbfull_width\u00bb angled_section=\u00bbno\u00bb text_align=\u00bbcenter\u00bb background_image_as_pattern=\u00bbwithout_pattern\u00bb z_index=\u00bb\u00bb css=\u00bb.vc_custom_1562910531536{padding-bottom: 30px !important;background-color: #ffffff !important;}\u00bb][vc_column width=\u00bb1\/6&#8243;][\/vc_column][vc_column width=\u00bb2\/3&#8243;][vc_column_text]<\/p>\n<h5>\u00ab No necesitas ver toda la escalera, s\u00f3lo da el primer paso. \u00bb<\/h5>\n<p>[\/vc_column_text][vc_column_text css=\u00bb.vc_custom_1562910284532{padding-top: 12px !important;}\u00bb]<strong>MARTIN LUTHER KING<\/strong>, <em>ministro baptista, escritor y activista por los derechos civiles y la paz.<\/em>[\/vc_column_text][\/vc_column][vc_column width=\u00bb1\/6&#8243;][\/vc_column][\/vc_row][vc_row css_animation=\u00bb\u00bb row_type=\u00bbrow\u00bb use_row_as_full_screen_section=\u00bbyes\u00bb type=\u00bbgrid\u00bb angled_section=\u00bbno\u00bb text_align=\u00bbleft\u00bb background_image_as_pattern=\u00bbwithout_pattern\u00bb z_index=\u00bb\u00bb css=\u00bb.vc_custom_1562940874215{background-color: #194a75 !important;}\u00bb][vc_column width=\u00bb1\/6&#8243; el_class=\u00bbh1border\u00bb][vc_column_text]<\/p>\n<h1>Rythm<br \/>\nn&#8217;blue<\/h1>\n<p>[\/vc_column_text][\/vc_column][vc_column width=\u00bb3\/12&#8243;][vc_column_text css=\u00bb.vc_custom_1568108215824{padding-top: 12% !important;padding-bottom: 3% !important;}\u00bb]<\/p>\n<h6><strong>HAY MUCHO RITMO EN BLUE BEES.<\/strong><\/h6>\n<p>[\/vc_column_text][vc_column_text css=\u00bb.vc_custom_1568108148771{padding-top: 4% !important;}\u00bb]<\/p>\n<h6>Para conocer las novedades de nuestra agencia y del mundo de la comunicaci\u00f3n, eche un vistazo aqu\u00ed. Lee y comparte, sin moderaci\u00f3n&#8230;<\/h6>\n<p>[\/vc_column_text][\/vc_column][vc_column width=\u00bb7\/12&#8243;][vc_single_image image=\u00bb16956&#8243; img_size=\u00bbfull\u00bb alignment=\u00bbright\u00bb qode_css_animation=\u00bbelement_from_right\u00bb css=\u00bb.vc_custom_1562909905881{margin-top: 0px !important;margin-bottom: 0px !important;margin-left: 0px !important;border-top-width: 0px !important;border-bottom-width: 0px !important;border-left-width: 0px !important;padding-top: 0px !important;padding-bottom: 0px !important;padding-left: 0px !important;}\u00bb][\/vc_column][\/vc_row][vc_row css_animation=\u00bb\u00bb row_type=\u00bbrow\u00bb use_row_as_full_screen_section=\u00bbno\u00bb type=\u00bbfull_width\u00bb angled_section=\u00bbno\u00bb text_align=\u00bbleft\u00bb background_image_as_pattern=\u00bbwithout_pattern\u00bb][vc_column][vc_separator type=\u00bbtransparent\u00bb down=\u00bb30&#8243;][\/vc_column][\/vc_row]<\/p>\n<\/div>","protected":false},"excerpt":{"rendered":"<p>[vc_row css_animation=\u00bb\u00bb row_type=\u00bbrow\u00bb use_row_as_full_screen_section=\u00bbno\u00bb type=\u00bbfull_width\u00bb angled_section=\u00bbno\u00bb text_align=\u00bbleft\u00bb background_image_as_pattern=\u00bbwithout_pattern\u00bb css=\u00bb.vc_custom_1562910431163{background-color: #ffffff !important;}\u00bb z_index=\u00bb\u00bb][vc_column][vc_separator type=\u00bbtransparent\u00bb][\/vc_column][\/vc_row][vc_row css_animation=\u00bb\u00bb row_type=\u00bbrow\u00bb use_row_as_full_screen_section=\u00bbno\u00bb type=\u00bbfull_width\u00bb angled_section=\u00bbno\u00bb text_align=\u00bbcenter\u00bb background_image_as_pattern=\u00bbwithout_pattern\u00bb z_index=\u00bb\u00bb css=\u00bb.vc_custom_1562910531536{padding-bottom: 30px !important;background-color: #ffffff !important;}\u00bb][vc_column width=\u00bb1\/6&#8243;][\/vc_column][vc_column width=\u00bb2\/3&#8243;][vc_column_text] \u00ab No necesitas ver toda la escalera, s\u00f3lo da el primer paso. \u00bb [\/vc_column_text][vc_column_text css=\u00bb.vc_custom_1562910284532{padding-top: 12px !important;}\u00bb]MARTIN&#8230;<\/p>\n","protected":false},"author":5,"featured_media":0,"parent":0,"menu_order":0,"comment_status":"closed","ping_status":"closed","template":"blog-large-image.php","meta":{"footnotes":""},"class_list":["post-16953","page","type-page","status-publish","hentry"],"yoast_head":"<!-- This site is optimized with the Yoast SEO plugin v25.7 - https:\/\/yoast.com\/wordpress\/plugins\/seo\/ -->\n<title>Rythm n&#039;Blue - Blue Bees<\/title>\n<meta name=\"description\" content=\"Para conocer las noticias de nuestra agencia y lo que hay de nuevo en el mundo de las com,\u00a1echa un vistazo por aqu\u00ed!\" \/>\n<meta name=\"robots\" content=\"index, follow, max-snippet:-1, max-image-preview:large, max-video-preview:-1\" \/>\n<link rel=\"canonical\" href=\"https:\/\/blue-bees.fr\/es\/rythm-nblue\/\" \/>\n<meta property=\"og:locale\" content=\"es_ES\" \/>\n<meta property=\"og:type\" content=\"article\" \/>\n<meta property=\"og:title\" content=\"Rythm n&#039;Blue - Blue Bees\" \/>\n<meta property=\"og:description\" content=\"Para conocer las noticias de nuestra agencia y lo que hay de nuevo en el mundo de las com,\u00a1echa un vistazo por aqu\u00ed!\" \/>\n<meta property=\"og:url\" content=\"https:\/\/blue-bees.fr\/es\/rythm-nblue\/\" \/>\n<meta property=\"og:site_name\" content=\"Blue Bees\" \/>\n<meta property=\"article:modified_time\" content=\"2021-04-14T13:03:04+00:00\" \/>\n<meta name=\"twitter:card\" content=\"summary_large_image\" \/>\n<meta name=\"twitter:label1\" content=\"Tiempo de lectura\" \/>\n\t<meta name=\"twitter:data1\" content=\"2 minutos\" \/>\n<script type=\"application\/ld+json\" class=\"yoast-schema-graph\">{\"@context\":\"https:\/\/schema.org\",\"@graph\":[{\"@type\":\"WebPage\",\"@id\":\"https:\/\/blue-bees.fr\/es\/rythm-nblue\/\",\"url\":\"https:\/\/blue-bees.fr\/es\/rythm-nblue\/\",\"name\":\"Rythm n'Blue - Blue Bees\",\"isPartOf\":{\"@id\":\"https:\/\/blue-bees.fr\/es\/#website\"},\"datePublished\":\"2021-04-02T10:11:08+00:00\",\"dateModified\":\"2021-04-14T13:03:04+00:00\",\"description\":\"Para conocer las noticias de nuestra agencia y lo que hay de nuevo en el mundo de las com,\u00a1echa un vistazo por aqu\u00ed!\",\"breadcrumb\":{\"@id\":\"https:\/\/blue-bees.fr\/es\/rythm-nblue\/#breadcrumb\"},\"inLanguage\":\"es\",\"potentialAction\":[{\"@type\":\"ReadAction\",\"target\":[\"https:\/\/blue-bees.fr\/es\/rythm-nblue\/\"]}]},{\"@type\":\"BreadcrumbList\",\"@id\":\"https:\/\/blue-bees.fr\/es\/rythm-nblue\/#breadcrumb\",\"itemListElement\":[{\"@type\":\"ListItem\",\"position\":1,\"name\":\"Accueil\",\"item\":\"https:\/\/blue-bees.fr\/es\/\"},{\"@type\":\"ListItem\",\"position\":2,\"name\":\"Rythm n&#8217;Blue\"}]},{\"@type\":\"WebSite\",\"@id\":\"https:\/\/blue-bees.fr\/es\/#website\",\"url\":\"https:\/\/blue-bees.fr\/es\/\",\"name\":\"Blue Bees\",\"description\":\"Innover l&#039;entreprise\",\"publisher\":{\"@id\":\"https:\/\/blue-bees.fr\/es\/#organization\"},\"potentialAction\":[{\"@type\":\"SearchAction\",\"target\":{\"@type\":\"EntryPoint\",\"urlTemplate\":\"https:\/\/blue-bees.fr\/es\/?s={search_term_string}\"},\"query-input\":{\"@type\":\"PropertyValueSpecification\",\"valueRequired\":true,\"valueName\":\"search_term_string\"}}],\"inLanguage\":\"es\"},{\"@type\":\"Organization\",\"@id\":\"https:\/\/blue-bees.fr\/es\/#organization\",\"name\":\"Blue Bees\",\"url\":\"https:\/\/blue-bees.fr\/es\/\",\"logo\":{\"@type\":\"ImageObject\",\"inLanguage\":\"es\",\"@id\":\"https:\/\/blue-bees.fr\/es\/#\/schema\/logo\/image\/\",\"url\":\"https:\/\/blue-bees.fr\/wp-content\/uploads\/2019\/05\/logo_the_blue_bees_500px.jpg\",\"contentUrl\":\"https:\/\/blue-bees.fr\/wp-content\/uploads\/2019\/05\/logo_the_blue_bees_500px.jpg\",\"width\":500,\"height\":276,\"caption\":\"Blue Bees\"},\"image\":{\"@id\":\"https:\/\/blue-bees.fr\/es\/#\/schema\/logo\/image\/\"}}]}<\/script>\n<!-- \/ Yoast SEO plugin. -->","yoast_head_json":{"title":"Rythm n'Blue - Blue Bees","description":"Para conocer las noticias de nuestra agencia y lo que hay de nuevo en el mundo de las com,\u00a1echa un vistazo por aqu\u00ed!","robots":{"index":"index","follow":"follow","max-snippet":"max-snippet:-1","max-image-preview":"max-image-preview:large","max-video-preview":"max-video-preview:-1"},"canonical":"https:\/\/blue-bees.fr\/es\/rythm-nblue\/","og_locale":"es_ES","og_type":"article","og_title":"Rythm n'Blue - Blue Bees","og_description":"Para conocer las noticias de nuestra agencia y lo que hay de nuevo en el mundo de las com,\u00a1echa un vistazo por aqu\u00ed!","og_url":"https:\/\/blue-bees.fr\/es\/rythm-nblue\/","og_site_name":"Blue Bees","article_modified_time":"2021-04-14T13:03:04+00:00","twitter_card":"summary_large_image","twitter_misc":{"Tiempo de lectura":"2 minutos"},"schema":{"@context":"https:\/\/schema.org","@graph":[{"@type":"WebPage","@id":"https:\/\/blue-bees.fr\/es\/rythm-nblue\/","url":"https:\/\/blue-bees.fr\/es\/rythm-nblue\/","name":"Rythm n'Blue - Blue Bees","isPartOf":{"@id":"https:\/\/blue-bees.fr\/es\/#website"},"datePublished":"2021-04-02T10:11:08+00:00","dateModified":"2021-04-14T13:03:04+00:00","description":"Para conocer las noticias de nuestra agencia y lo que hay de nuevo en el mundo de las com,\u00a1echa un vistazo por aqu\u00ed!","breadcrumb":{"@id":"https:\/\/blue-bees.fr\/es\/rythm-nblue\/#breadcrumb"},"inLanguage":"es","potentialAction":[{"@type":"ReadAction","target":["https:\/\/blue-bees.fr\/es\/rythm-nblue\/"]}]},{"@type":"BreadcrumbList","@id":"https:\/\/blue-bees.fr\/es\/rythm-nblue\/#breadcrumb","itemListElement":[{"@type":"ListItem","position":1,"name":"Accueil","item":"https:\/\/blue-bees.fr\/es\/"},{"@type":"ListItem","position":2,"name":"Rythm n&#8217;Blue"}]},{"@type":"WebSite","@id":"https:\/\/blue-bees.fr\/es\/#website","url":"https:\/\/blue-bees.fr\/es\/","name":"Blue Bees","description":"Innover l&#039;entreprise","publisher":{"@id":"https:\/\/blue-bees.fr\/es\/#organization"},"potentialAction":[{"@type":"SearchAction","target":{"@type":"EntryPoint","urlTemplate":"https:\/\/blue-bees.fr\/es\/?s={search_term_string}"},"query-input":{"@type":"PropertyValueSpecification","valueRequired":true,"valueName":"search_term_string"}}],"inLanguage":"es"},{"@type":"Organization","@id":"https:\/\/blue-bees.fr\/es\/#organization","name":"Blue Bees","url":"https:\/\/blue-bees.fr\/es\/","logo":{"@type":"ImageObject","inLanguage":"es","@id":"https:\/\/blue-bees.fr\/es\/#\/schema\/logo\/image\/","url":"https:\/\/blue-bees.fr\/wp-content\/uploads\/2019\/05\/logo_the_blue_bees_500px.jpg","contentUrl":"https:\/\/blue-bees.fr\/wp-content\/uploads\/2019\/05\/logo_the_blue_bees_500px.jpg","width":500,"height":276,"caption":"Blue Bees"},"image":{"@id":"https:\/\/blue-bees.fr\/es\/#\/schema\/logo\/image\/"}}]}},"_links":{"self":[{"href":"https:\/\/blue-bees.fr\/es\/wp-json\/wp\/v2\/pages\/16953","targetHints":{"allow":["GET"]}}],"collection":[{"href":"https:\/\/blue-bees.fr\/es\/wp-json\/wp\/v2\/pages"}],"about":[{"href":"https:\/\/blue-bees.fr\/es\/wp-json\/wp\/v2\/types\/page"}],"author":[{"embeddable":true,"href":"https:\/\/blue-bees.fr\/es\/wp-json\/wp\/v2\/users\/5"}],"replies":[{"embeddable":true,"href":"https:\/\/blue-bees.fr\/es\/wp-json\/wp\/v2\/comments?post=16953"}],"version-history":[{"count":6,"href":"https:\/\/blue-bees.fr\/es\/wp-json\/wp\/v2\/pages\/16953\/revisions"}],"predecessor-version":[{"id":16972,"href":"https:\/\/blue-bees.fr\/es\/wp-json\/wp\/v2\/pages\/16953\/revisions\/16972"}],"wp:attachment":[{"href":"https:\/\/blue-bees.fr\/es\/wp-json\/wp\/v2\/media?parent=16953"}],"curies":[{"name":"wp","href":"https:\/\/api.w.org\/{rel}","templated":true}]}}