{"id":16949,"date":"2021-04-02T12:10:19","date_gmt":"2021-04-02T10:10:19","guid":{"rendered":"https:\/\/blue-bees.fr\/out-of-the-blue\/"},"modified":"2024-02-28T16:03:48","modified_gmt":"2024-02-28T15:03:48","slug":"out-of-the-blue","status":"publish","type":"page","link":"https:\/\/blue-bees.fr\/es\/out-of-the-blue\/","title":{"rendered":"Out of the blue"},"content":{"rendered":"<div class=\"wpb-content-wrapper\"><p>[vc_row css_animation=\u00bb\u00bb row_type=\u00bbrow\u00bb use_row_as_full_screen_section=\u00bbno\u00bb type=\u00bbgrid\u00bb angled_section=\u00bbno\u00bb text_align=\u00bbcenter\u00bb background_image_as_pattern=\u00bbwithout_pattern\u00bb z_index=\u00bb\u00bb css=\u00bb.vc_custom_1558820647400{padding-top: 75px !important;padding-bottom: 40px !important;}\u00bb][vc_column width=\u00bb1\/12&#8243; offset=\u00bbvc_hidden-xs\u00bb][\/vc_column][vc_column width=\u00bb10\/12&#8243;][vc_column_text]<\/p>\n<h5>\u00ab Para una empresa, no hacer publicidad es como gui\u00f1ar un ojo a una chica en la oscuridad. T\u00fa sabes lo que haces pero nadie m\u00e1s lo sabe.\u00a0\u00bb<\/h5>\n<p>[\/vc_column_text][vc_column_text css=\u00bb.vc_custom_1558917342059{padding-top: 12px !important;}\u00bb]<strong>STUART H. BRITT<\/strong>, <em>historiador, cr\u00edtico de arte, cineasta y m\u00fasico canadiense.<\/em>[\/vc_column_text][\/vc_column][vc_column width=\u00bb1\/12&#8243; offset=\u00bbvc_hidden-xs\u00bb][\/vc_column][\/vc_row][vc_row css_animation=\u00bb\u00bb row_type=\u00bbrow\u00bb use_row_as_full_screen_section=\u00bbyes\u00bb type=\u00bbgrid\u00bb angled_section=\u00bbno\u00bb text_align=\u00bbleft\u00bb background_image_as_pattern=\u00bbwithout_pattern\u00bb css=\u00bb.vc_custom_1558944291184{margin-top: 0px !important;margin-right: 0px !important;border-top-width: 0px !important;border-right-width: 0px !important;padding-top: 0px !important;padding-right: 0px !important;background-color: #194a75 !important;}\u00bb anchor=\u00bbbeezen\u00bb z_index=\u00bb\u00bb][vc_column width=\u00bb1\/6&#8243; el_class=\u00bbh1border\u00bb][vc_column_text css=\u00bb.vc_custom_1564665952006{padding-top: 20% !important;padding-bottom: 10% !important;}\u00bb]<\/p>\n<h1>Out of the Blue<\/h1>\n<p>[\/vc_column_text][\/vc_column][vc_column width=\u00bb5\/6&#8243;][vc_single_image image=\u00bb17455&#8243; img_size=\u00bbfull\u00bb qode_css_animation=\u00bbelement_from_right\u00bb][\/vc_column][\/vc_row][vc_row css_animation=\u00bb\u00bb row_type=\u00bbrow\u00bb use_row_as_full_screen_section=\u00bbno\u00bb type=\u00bbgrid\u00bb angled_section=\u00bbno\u00bb text_align=\u00bbleft\u00bb background_image_as_pattern=\u00bbwithout_pattern\u00bb padding_top=\u00bb87&#8243; padding_bottom=\u00bb0&#8243; background_color=\u00bb#ffffff\u00bb css=\u00bb.vc_custom_1558916096036{padding-top: 20px !important;}\u00bb z_index=\u00bb\u00bb][vc_column width=\u00bb1\/6&#8243;][\/vc_column][vc_column width=\u00bb4\/6&#8243;][vc_column_text css=\u00bb.vc_custom_1558942931633{padding-top: 30px !important;}\u00bb]<\/p>\n<h2>BLUE BEES ES UNA AGENCIA DEDICADA A LA CONSULTOR\u00cdA DE IMAGEN Y ESTRATEGIA<\/h2>\n<p>[\/vc_column_text][vc_separator type=\u00bbsmall\u00bb position=\u00bbleft\u00bb color=\u00bb#25385b\u00bb thickness=\u00bb4&#8243; width=\u00bb45&#8243; up=\u00bb7&#8243;][vc_column_text css=\u00bb.vc_custom_1559507036906{padding-bottom: 10px !important;}\u00bb]<\/p>\n<h4>\u00bfTe imaginas seducir a la mujer o al hombre de tu vida, llegando a la cita (por la que has luchado) en pijama, desali\u00f1ado, sin haberte duchado ni lavado los dientes? <strong>\u00bfLa respuesta es no? Eso es algo bueno&#8230;<\/strong><\/h4>\n<p>[\/vc_column_text][vc_column_text css=\u00bb.vc_custom_1559507051855{padding-bottom: 10px !important;}\u00bb]<\/p>\n<h4>Y, de hecho, es probable que hayas elegido tu atuendo a conciencia, que hayas cuidado meticulosamente tu aspecto general, que hayas comprobado cada detalle diez veces en el espejo. En definitiva, te habr\u00e1s asegurado de la imagen que env\u00edas a la otra persona. <strong>Porque es consciente de que tu imagen es crucial<\/strong>. Todo esto parece obvio.<\/h4>\n<p>[\/vc_column_text][\/vc_column][vc_column width=\u00bb1\/6&#8243; offset=\u00bbvc_hidden-sm vc_hidden-xs\u00bb][\/vc_column][\/vc_row][vc_row css_animation=\u00bb\u00bb row_type=\u00bbrow\u00bb use_row_as_full_screen_section=\u00bbno\u00bb type=\u00bbgrid\u00bb angled_section=\u00bbno\u00bb text_align=\u00bbleft\u00bb background_image_as_pattern=\u00bbwithout_pattern\u00bb padding_top=\u00bb87&#8243; padding_bottom=\u00bb0&#8243; background_color=\u00bb#ffffff\u00bb css=\u00bb.vc_custom_1558916096036{padding-top: 20px !important;}\u00bb z_index=\u00bb\u00bb][vc_column width=\u00bb1\/6&#8243;][\/vc_column][vc_column width=\u00bb4\/6&#8243;][vc_column_text css=\u00bb.vc_custom_1558943008629{padding-top: 30px !important;}\u00bb]<\/p>\n<h2>Pero&#8230; \u00bftienes el mismo cuidado con la imagen de tu empresa?<\/h2>\n<p>[\/vc_column_text][vc_separator type=\u00bbsmall\u00bb position=\u00bbleft\u00bb color=\u00bb#25385b\u00bb thickness=\u00bb4&#8243; width=\u00bb45&#8243; up=\u00bb7&#8243;][vc_column_text css=\u00bb.vc_custom_1558943020350{padding-bottom: 10px !important;}\u00bb]<\/p>\n<h4>Nada es menos cierto.<\/h4>\n<p>[\/vc_column_text][vc_column_text css=\u00bb.vc_custom_1559507089926{padding-bottom: 10px !important;}\u00bb]<\/p>\n<h4>Sin embargo, <strong>la imagen de la empresa<\/strong>, la imagen de marca es, del mismo modo, <strong>absolutamente esencial<\/strong>. Pi\u00e9nsalo un segundo&#8230; \u00bfNo te vienen a la mente inmediatamente dos o tres marcas? Un logotipo, un eslogan, un producto&#8230; Tu empresa tambi\u00e9n transmite una imagen. \u00bfCu\u00e1l es? \u00bfTe corresponde realmente? \u00bfCorresponde a tu estrategia? \u00bfQu\u00e9 quieres decir? \u00bfA qui\u00e9n va dirigido tu mensaje? \u00bfCu\u00e1les son tus objetivos? \u00bfGanar nuevos clientes? \u00bfMantener los que ya tienes? \u00bfY la reputaci\u00f3n, la notoriedad?<\/h4>\n<p>[\/vc_column_text][\/vc_column][vc_column width=\u00bb1\/6&#8243; offset=\u00bbvc_hidden-sm vc_hidden-xs\u00bb][\/vc_column][\/vc_row][vc_row css_animation=\u00bb\u00bb row_type=\u00bbrow\u00bb use_row_as_full_screen_section=\u00bbno\u00bb type=\u00bbgrid\u00bb angled_section=\u00bbno\u00bb text_align=\u00bbleft\u00bb background_image_as_pattern=\u00bbwithout_pattern\u00bb padding_top=\u00bb87&#8243; padding_bottom=\u00bb0&#8243; background_color=\u00bb#ffffff\u00bb css=\u00bb.vc_custom_1558943513577{padding-top: 15px !important;padding-bottom: 15px !important;}\u00bb z_index=\u00bb\u00bb][vc_column width=\u00bb1\/6&#8243;][\/vc_column][vc_column width=\u00bb2\/6&#8243;][vc_single_image image=\u00bb17459&#8243; img_size=\u00bbfull\u00bb alignment=\u00bbcenter\u00bb qode_css_animation=\u00bb\u00bb css=\u00bb.vc_custom_1709132615634{margin-right: 0px !important;margin-left: 0px !important;border-right-width: 0px !important;border-left-width: 0px !important;padding-right: 0px !important;padding-left: 0px !important;}\u00bb][\/vc_column][vc_column width=\u00bb2\/6&#8243;][vc_single_image image=\u00bb17462&#8243; img_size=\u00bbfull\u00bb alignment=\u00bbcenter\u00bb qode_css_animation=\u00bb\u00bb css=\u00bb.vc_custom_1709132625381{margin-right: 0px !important;margin-left: 0px !important;border-right-width: 0px !important;border-left-width: 0px !important;padding-right: 0px !important;padding-left: 0px !important;}\u00bb][\/vc_column][vc_column width=\u00bb1\/6&#8243;][\/vc_column][\/vc_row][vc_row css_animation=\u00bb\u00bb row_type=\u00bbrow\u00bb use_row_as_full_screen_section=\u00bbno\u00bb type=\u00bbgrid\u00bb angled_section=\u00bbno\u00bb text_align=\u00bbleft\u00bb background_image_as_pattern=\u00bbwithout_pattern\u00bb padding_top=\u00bb87&#8243; padding_bottom=\u00bb0&#8243; background_color=\u00bb#ffffff\u00bb css=\u00bb.vc_custom_1558943529970{padding-top: 10px !important;padding-bottom: 15px !important;}\u00bb z_index=\u00bb\u00bb][vc_column width=\u00bb1\/6&#8243;][\/vc_column][vc_column width=\u00bb5\/6&#8243;][vc_column_text css=\u00bb.vc_custom_1559507115149{padding-bottom: 5px !important;}\u00bb]<\/p>\n<h4>Conocer bien tu marca, crear un mensaje claro en l\u00ednea con tu estrategia, definir un dise\u00f1o, un contenido, una identidad visual ad hoc, concebir un territorio de marca \u00fanico, imaginar herramientas de comunicaci\u00f3n pertinentes, son factores determinantes para el \u00e9xito de tus proyectos. En <em><strong>Blue Bees<\/strong><\/em>, nos tomamos el tiempo necesario para discutir, para entender tu negocio, para pensar juntos en <strong>construir un plan de comunicaci\u00f3n personalizado y una imagen que se parezca a ti<\/strong>.<\/h4>\n<p>[\/vc_column_text][vc_column_text css=\u00bb.vc_custom_1558943105277{padding-bottom: 20px !important;}\u00bb]<\/p>\n<h4><strong>No te diremos m\u00e1s: trabajamos exclusivamente por encargo&#8230;<\/strong><\/h4>\n<p>[\/vc_column_text][vc_column_text css=\u00bb.vc_custom_1558943185440{padding-top: 12px !important;}\u00bb]<\/p>\n<h4><strong><span style=\"color: #f27620;\">\u00bfListo para empezar la experiencia?<\/span><\/strong><\/h4>\n<h4><strong><span style=\"color: #f27620;\">\u00a1Vamos a vernos! <\/span><\/strong><\/h4>\n<p>[\/vc_column_text][\/vc_column][\/vc_row][vc_row css_animation=\u00bb\u00bb row_type=\u00bbrow\u00bb use_row_as_full_screen_section=\u00bbno\u00bb type=\u00bbgrid\u00bb angled_section=\u00bbno\u00bb text_align=\u00bbleft\u00bb background_image_as_pattern=\u00bbwithout_pattern\u00bb z_index=\u00bb\u00bb][vc_column width=\u00bb1\/6&#8243;][\/vc_column][vc_column width=\u00bb1\/2&#8243; css=\u00bb.vc_custom_1559837503458{background-color: #e6e6e6 !important;}\u00bb el_class=\u00bbfiftyform\u00bb]\n<div class=\"wpcf7 no-js\" id=\"wpcf7-f16506-o1\" lang=\"fr-FR\" dir=\"ltr\" data-wpcf7-id=\"16506\">\n<div class=\"screen-reader-response\"><p role=\"status\" aria-live=\"polite\" aria-atomic=\"true\"><\/p> <ul><\/ul><\/div>\n<form action=\"\/es\/wp-json\/wp\/v2\/pages\/16949#wpcf7-f16506-o1\" method=\"post\" class=\"wpcf7-form init cf7_custom_style_1\" aria-label=\"Formulaire de contact\" novalidate=\"novalidate\" data-status=\"init\">\n<fieldset class=\"hidden-fields-container\"><input type=\"hidden\" name=\"_wpcf7\" value=\"16506\" \/><input type=\"hidden\" name=\"_wpcf7_version\" value=\"6.1.1\" \/><input type=\"hidden\" name=\"_wpcf7_locale\" value=\"fr_FR\" \/><input type=\"hidden\" name=\"_wpcf7_unit_tag\" value=\"wpcf7-f16506-o1\" \/><input type=\"hidden\" name=\"_wpcf7_container_post\" value=\"0\" \/><input type=\"hidden\" name=\"_wpcf7_posted_data_hash\" value=\"\" \/><input type=\"hidden\" name=\"_wpcf7_recaptcha_response\" value=\"\" \/>\n<\/fieldset>\n<p><label> NOM<br \/>\n<span class=\"wpcf7-form-control-wrap\" data-name=\"your-name\"><input size=\"40\" maxlength=\"400\" class=\"wpcf7-form-control wpcf7-text wpcf7-validates-as-required\" aria-required=\"true\" aria-invalid=\"false\" placeholder=\"Obligatoire\" value=\"\" type=\"text\" name=\"your-name\" \/><\/span><\/label><br \/>\n<label> PR\u00c9NOM<br \/>\n<span class=\"wpcf7-form-control-wrap\" data-name=\"your-firstname\"><input size=\"40\" maxlength=\"400\" class=\"wpcf7-form-control wpcf7-text wpcf7-validates-as-required\" aria-required=\"true\" aria-invalid=\"false\" placeholder=\"Obligatoire\" value=\"\" type=\"text\" name=\"your-firstname\" \/><\/span><\/label><br \/>\n<label> NOM DE LA SOCI\u00c9T\u00c9<br \/>\n<span class=\"wpcf7-form-control-wrap\" data-name=\"your-company\"><input size=\"40\" maxlength=\"400\" class=\"wpcf7-form-control wpcf7-text\" aria-invalid=\"false\" value=\"\" type=\"text\" name=\"your-company\" \/><\/span> <\/label><br \/>\n<label>T\u00c9L.<br \/>\n<span class=\"wpcf7-form-control-wrap\" data-name=\"your-phone\"><input size=\"40\" maxlength=\"400\" class=\"wpcf7-form-control wpcf7-text\" aria-invalid=\"false\" value=\"\" type=\"text\" name=\"your-phone\" \/><\/span><\/label><br \/>\n<label> E-MAIL<br \/>\n<span class=\"wpcf7-form-control-wrap\" data-name=\"your-email\"><input size=\"40\" maxlength=\"400\" class=\"wpcf7-form-control wpcf7-email wpcf7-validates-as-required wpcf7-text wpcf7-validates-as-email\" aria-required=\"true\" aria-invalid=\"false\" placeholder=\"Obligatoire\" value=\"\" type=\"email\" name=\"your-email\" \/><\/span> <\/label><br \/>\n<label> ACTIVIT\u00c9<br \/>\n<span class=\"wpcf7-form-control-wrap\" data-name=\"your-activity\"><input size=\"40\" maxlength=\"400\" class=\"wpcf7-form-control wpcf7-text\" aria-invalid=\"false\" value=\"\" type=\"text\" name=\"your-activity\" \/><\/span><\/label><br \/>\n<label> VOTRE MESSAGE, VOTRE PROJET<br \/>\n<span class=\"wpcf7-form-control-wrap\" data-name=\"your-message\"><textarea cols=\"40\" rows=\"10\" maxlength=\"2000\" class=\"wpcf7-form-control wpcf7-textarea\" aria-invalid=\"false\" name=\"your-message\"><\/textarea><\/span> <\/label>\n<\/p>\n<p><input class=\"wpcf7-form-control wpcf7-submit has-spinner\" type=\"submit\" value=\"ENVOYER\" \/>\n<\/p><div class=\"wpcf7-response-output\" aria-hidden=\"true\"><\/div>\n<\/form>\n<\/div>\n[\/vc_column][vc_column width=\u00bb1\/3&#8243;][\/vc_column][\/vc_row][vc_row css_animation=\u00bb\u00bb row_type=\u00bbrow\u00bb use_row_as_full_screen_section=\u00bbno\u00bb type=\u00bbfull_width\u00bb angled_section=\u00bbno\u00bb text_align=\u00bbleft\u00bb background_image_as_pattern=\u00bbwithout_pattern\u00bb][vc_column][vc_separator type=\u00bbtransparent\u00bb down=\u00bb30&#8243;][\/vc_column][\/vc_row]<\/p>\n<\/div>","protected":false},"excerpt":{"rendered":"<p>[vc_row css_animation=\u00bb\u00bb row_type=\u00bbrow\u00bb use_row_as_full_screen_section=\u00bbno\u00bb type=\u00bbgrid\u00bb angled_section=\u00bbno\u00bb text_align=\u00bbcenter\u00bb background_image_as_pattern=\u00bbwithout_pattern\u00bb z_index=\u00bb\u00bb css=\u00bb.vc_custom_1558820647400{padding-top: 75px !important;padding-bottom: 40px !important;}\u00bb][vc_column width=\u00bb1\/12&#8243; offset=\u00bbvc_hidden-xs\u00bb][\/vc_column][vc_column width=\u00bb10\/12&#8243;][vc_column_text] \u00ab Para una empresa, no hacer publicidad es como gui\u00f1ar un ojo a una chica en la oscuridad. T\u00fa sabes lo que haces pero nadie m\u00e1s lo sabe.\u00a0\u00bb&#8230;<\/p>\n","protected":false},"author":2,"featured_media":0,"parent":0,"menu_order":0,"comment_status":"open","ping_status":"closed","template":"full_width.php","meta":{"footnotes":""},"class_list":["post-16949","page","type-page","status-publish","hentry"],"yoast_head":"<!-- This site is optimized with the Yoast SEO plugin v25.7 - https:\/\/yoast.com\/wordpress\/plugins\/seo\/ -->\n<title>Out of the blue - Blue Bees<\/title>\n<meta name=\"description\" content=\"\u00bfEst\u00e1s cuidando la imagen de tu empresa? Descubre el apoyo a medida de nuestra agencia dedicada a la consultor\u00eda de imagen y estrategia.\" \/>\n<meta name=\"robots\" content=\"index, follow, max-snippet:-1, max-image-preview:large, max-video-preview:-1\" \/>\n<link rel=\"canonical\" href=\"https:\/\/blue-bees.fr\/es\/out-of-the-blue\/\" \/>\n<meta property=\"og:locale\" content=\"es_ES\" \/>\n<meta property=\"og:type\" content=\"article\" \/>\n<meta property=\"og:title\" content=\"Out of the blue - Blue Bees\" \/>\n<meta property=\"og:description\" content=\"\u00bfEst\u00e1s cuidando la imagen de tu empresa? Descubre el apoyo a medida de nuestra agencia dedicada a la consultor\u00eda de imagen y estrategia.\" \/>\n<meta property=\"og:url\" content=\"https:\/\/blue-bees.fr\/es\/out-of-the-blue\/\" \/>\n<meta property=\"og:site_name\" content=\"Blue Bees\" \/>\n<meta property=\"article:modified_time\" content=\"2024-02-28T15:03:48+00:00\" \/>\n<meta name=\"twitter:card\" content=\"summary_large_image\" \/>\n<meta name=\"twitter:label1\" content=\"Tiempo de lectura\" \/>\n\t<meta name=\"twitter:data1\" content=\"4 minutos\" \/>\n<script type=\"application\/ld+json\" class=\"yoast-schema-graph\">{\"@context\":\"https:\/\/schema.org\",\"@graph\":[{\"@type\":\"WebPage\",\"@id\":\"https:\/\/blue-bees.fr\/es\/out-of-the-blue\/\",\"url\":\"https:\/\/blue-bees.fr\/es\/out-of-the-blue\/\",\"name\":\"Out of the blue - Blue Bees\",\"isPartOf\":{\"@id\":\"https:\/\/blue-bees.fr\/es\/#website\"},\"datePublished\":\"2021-04-02T10:10:19+00:00\",\"dateModified\":\"2024-02-28T15:03:48+00:00\",\"description\":\"\u00bfEst\u00e1s cuidando la imagen de tu empresa? Descubre el apoyo a medida de nuestra agencia dedicada a la consultor\u00eda de imagen y estrategia.\",\"breadcrumb\":{\"@id\":\"https:\/\/blue-bees.fr\/es\/out-of-the-blue\/#breadcrumb\"},\"inLanguage\":\"es\",\"potentialAction\":[{\"@type\":\"ReadAction\",\"target\":[\"https:\/\/blue-bees.fr\/es\/out-of-the-blue\/\"]}]},{\"@type\":\"BreadcrumbList\",\"@id\":\"https:\/\/blue-bees.fr\/es\/out-of-the-blue\/#breadcrumb\",\"itemListElement\":[{\"@type\":\"ListItem\",\"position\":1,\"name\":\"Accueil\",\"item\":\"https:\/\/blue-bees.fr\/es\/\"},{\"@type\":\"ListItem\",\"position\":2,\"name\":\"Out of the blue\"}]},{\"@type\":\"WebSite\",\"@id\":\"https:\/\/blue-bees.fr\/es\/#website\",\"url\":\"https:\/\/blue-bees.fr\/es\/\",\"name\":\"Blue Bees\",\"description\":\"Innover l&#039;entreprise\",\"publisher\":{\"@id\":\"https:\/\/blue-bees.fr\/es\/#organization\"},\"potentialAction\":[{\"@type\":\"SearchAction\",\"target\":{\"@type\":\"EntryPoint\",\"urlTemplate\":\"https:\/\/blue-bees.fr\/es\/?s={search_term_string}\"},\"query-input\":{\"@type\":\"PropertyValueSpecification\",\"valueRequired\":true,\"valueName\":\"search_term_string\"}}],\"inLanguage\":\"es\"},{\"@type\":\"Organization\",\"@id\":\"https:\/\/blue-bees.fr\/es\/#organization\",\"name\":\"Blue Bees\",\"url\":\"https:\/\/blue-bees.fr\/es\/\",\"logo\":{\"@type\":\"ImageObject\",\"inLanguage\":\"es\",\"@id\":\"https:\/\/blue-bees.fr\/es\/#\/schema\/logo\/image\/\",\"url\":\"https:\/\/blue-bees.fr\/wp-content\/uploads\/2019\/05\/logo_the_blue_bees_500px.jpg\",\"contentUrl\":\"https:\/\/blue-bees.fr\/wp-content\/uploads\/2019\/05\/logo_the_blue_bees_500px.jpg\",\"width\":500,\"height\":276,\"caption\":\"Blue Bees\"},\"image\":{\"@id\":\"https:\/\/blue-bees.fr\/es\/#\/schema\/logo\/image\/\"}}]}<\/script>\n<!-- \/ Yoast SEO plugin. -->","yoast_head_json":{"title":"Out of the blue - Blue Bees","description":"\u00bfEst\u00e1s cuidando la imagen de tu empresa? Descubre el apoyo a medida de nuestra agencia dedicada a la consultor\u00eda de imagen y estrategia.","robots":{"index":"index","follow":"follow","max-snippet":"max-snippet:-1","max-image-preview":"max-image-preview:large","max-video-preview":"max-video-preview:-1"},"canonical":"https:\/\/blue-bees.fr\/es\/out-of-the-blue\/","og_locale":"es_ES","og_type":"article","og_title":"Out of the blue - Blue Bees","og_description":"\u00bfEst\u00e1s cuidando la imagen de tu empresa? Descubre el apoyo a medida de nuestra agencia dedicada a la consultor\u00eda de imagen y estrategia.","og_url":"https:\/\/blue-bees.fr\/es\/out-of-the-blue\/","og_site_name":"Blue Bees","article_modified_time":"2024-02-28T15:03:48+00:00","twitter_card":"summary_large_image","twitter_misc":{"Tiempo de lectura":"4 minutos"},"schema":{"@context":"https:\/\/schema.org","@graph":[{"@type":"WebPage","@id":"https:\/\/blue-bees.fr\/es\/out-of-the-blue\/","url":"https:\/\/blue-bees.fr\/es\/out-of-the-blue\/","name":"Out of the blue - Blue Bees","isPartOf":{"@id":"https:\/\/blue-bees.fr\/es\/#website"},"datePublished":"2021-04-02T10:10:19+00:00","dateModified":"2024-02-28T15:03:48+00:00","description":"\u00bfEst\u00e1s cuidando la imagen de tu empresa? Descubre el apoyo a medida de nuestra agencia dedicada a la consultor\u00eda de imagen y estrategia.","breadcrumb":{"@id":"https:\/\/blue-bees.fr\/es\/out-of-the-blue\/#breadcrumb"},"inLanguage":"es","potentialAction":[{"@type":"ReadAction","target":["https:\/\/blue-bees.fr\/es\/out-of-the-blue\/"]}]},{"@type":"BreadcrumbList","@id":"https:\/\/blue-bees.fr\/es\/out-of-the-blue\/#breadcrumb","itemListElement":[{"@type":"ListItem","position":1,"name":"Accueil","item":"https:\/\/blue-bees.fr\/es\/"},{"@type":"ListItem","position":2,"name":"Out of the blue"}]},{"@type":"WebSite","@id":"https:\/\/blue-bees.fr\/es\/#website","url":"https:\/\/blue-bees.fr\/es\/","name":"Blue Bees","description":"Innover l&#039;entreprise","publisher":{"@id":"https:\/\/blue-bees.fr\/es\/#organization"},"potentialAction":[{"@type":"SearchAction","target":{"@type":"EntryPoint","urlTemplate":"https:\/\/blue-bees.fr\/es\/?s={search_term_string}"},"query-input":{"@type":"PropertyValueSpecification","valueRequired":true,"valueName":"search_term_string"}}],"inLanguage":"es"},{"@type":"Organization","@id":"https:\/\/blue-bees.fr\/es\/#organization","name":"Blue Bees","url":"https:\/\/blue-bees.fr\/es\/","logo":{"@type":"ImageObject","inLanguage":"es","@id":"https:\/\/blue-bees.fr\/es\/#\/schema\/logo\/image\/","url":"https:\/\/blue-bees.fr\/wp-content\/uploads\/2019\/05\/logo_the_blue_bees_500px.jpg","contentUrl":"https:\/\/blue-bees.fr\/wp-content\/uploads\/2019\/05\/logo_the_blue_bees_500px.jpg","width":500,"height":276,"caption":"Blue Bees"},"image":{"@id":"https:\/\/blue-bees.fr\/es\/#\/schema\/logo\/image\/"}}]}},"_links":{"self":[{"href":"https:\/\/blue-bees.fr\/es\/wp-json\/wp\/v2\/pages\/16949","targetHints":{"allow":["GET"]}}],"collection":[{"href":"https:\/\/blue-bees.fr\/es\/wp-json\/wp\/v2\/pages"}],"about":[{"href":"https:\/\/blue-bees.fr\/es\/wp-json\/wp\/v2\/types\/page"}],"author":[{"embeddable":true,"href":"https:\/\/blue-bees.fr\/es\/wp-json\/wp\/v2\/users\/2"}],"replies":[{"embeddable":true,"href":"https:\/\/blue-bees.fr\/es\/wp-json\/wp\/v2\/comments?post=16949"}],"version-history":[{"count":9,"href":"https:\/\/blue-bees.fr\/es\/wp-json\/wp\/v2\/pages\/16949\/revisions"}],"predecessor-version":[{"id":17626,"href":"https:\/\/blue-bees.fr\/es\/wp-json\/wp\/v2\/pages\/16949\/revisions\/17626"}],"wp:attachment":[{"href":"https:\/\/blue-bees.fr\/es\/wp-json\/wp\/v2\/media?parent=16949"}],"curies":[{"name":"wp","href":"https:\/\/api.w.org\/{rel}","templated":true}]}}