{"id":16913,"date":"2021-04-02T10:19:51","date_gmt":"2021-04-02T08:19:51","guid":{"rendered":"https:\/\/blue-bees.fr\/home\/"},"modified":"2024-02-28T13:07:41","modified_gmt":"2024-02-28T12:07:41","slug":"home","status":"publish","type":"page","link":"https:\/\/blue-bees.fr\/es\/","title":{"rendered":"Inicio"},"content":{"rendered":"<div class=\"wpb-content-wrapper\"><p>[vc_row css_animation=\u00bb\u00bb row_type=\u00bbrow\u00bb use_row_as_full_screen_section=\u00bbno\u00bb type=\u00bbfull_width\u00bb angled_section=\u00bbno\u00bb text_align=\u00bbleft\u00bb background_image_as_pattern=\u00bbwithout_pattern\u00bb z_index=\u00bb\u00bb el_class=\u00bbhero-separator\u00bb][vc_column][vc_separator type=\u00bbtransparent\u00bb down=\u00bb20&#8243;][\/vc_column][\/vc_row][vc_row css_animation=\u00bb\u00bb row_type=\u00bbrow\u00bb use_row_as_full_screen_section=\u00bbno\u00bb type=\u00bbfull_width\u00bb angled_section=\u00bbno\u00bb text_align=\u00bbleft\u00bb background_image_as_pattern=\u00bbwithout_pattern\u00bb z_index=\u00bb\u00bb el_id=\u00bbhero-image\u00bb][vc_column][vc_single_image image=\u00bb16011&#8243; img_size=\u00bbfull\u00bb alignment=\u00bbcenter\u00bb qode_css_animation=\u00bb\u00bb][\/vc_column][\/vc_row][vc_row css_animation=\u00bb\u00bb row_type=\u00bbrow\u00bb use_row_as_full_screen_section=\u00bbno\u00bb type=\u00bbfull_width\u00bb angled_section=\u00bbno\u00bb text_align=\u00bbleft\u00bb background_image_as_pattern=\u00bbwithout_pattern\u00bb z_index=\u00bb\u00bb el_class=\u00bbhero-separator\u00bb][vc_column][vc_separator type=\u00bbtransparent\u00bb][\/vc_column][\/vc_row][vc_row css_animation=\u00bb\u00bb row_type=\u00bbrow\u00bb use_row_as_full_screen_section=\u00bbno\u00bb type=\u00bbgrid\u00bb angled_section=\u00bbno\u00bb text_align=\u00bbcenter\u00bb background_image_as_pattern=\u00bbwithout_pattern\u00bb z_index=\u00bb\u00bb css=\u00bb.vc_custom_1559636728189{padding-top: 75px !important;padding-bottom: 40px !important;}\u00bb el_id=\u00bbhero-quote\u00bb][vc_column width=\u00bb11\/12&#8243; offset=\u00bbvc_col-lg-offset-1 vc_col-md-offset-1&#8243;][vc_column_text]<\/p>\n<h5>\u00ab Il ne suffit pas de parler, il faut parler juste.\u00a0\u00bb<\/h5>\n<p>[\/vc_column_text][vc_column_text css=\u00bb.vc_custom_1558915189125{padding-top: 12px !important;}\u00bb]<strong>WILLIAM SHAKESPEARE<\/strong>, <em>Po\u00e8te, dramaturge et \u00e9crivain anglais.<\/em>[\/vc_column_text][\/vc_column][\/vc_row][vc_row css_animation=\u00bb\u00bb row_type=\u00bbrow\u00bb use_row_as_full_screen_section=\u00bbno\u00bb type=\u00bbfull_width\u00bb angled_section=\u00bbno\u00bb text_align=\u00bbleft\u00bb background_image_as_pattern=\u00bbwithout_pattern\u00bb css=\u00bb.vc_custom_1559637935479{margin-top: 0px !important;margin-right: 0px !important;border-top-width: 0px !important;border-right-width: 0px !important;padding-top: 0px !important;padding-right: 0px !important;}\u00bb z_index=\u00bb\u00bb el_class=\u00bbhero-separator\u00bb][vc_column offset=\u00bbvc_hidden-sm vc_hidden-xs\u00bb][vc_separator type=\u00bbtransparent\u00bb][\/vc_column][\/vc_row][vc_row css_animation=\u00bb\u00bb row_type=\u00bbrow\u00bb use_row_as_full_screen_section=\u00bbyes\u00bb type=\u00bbgrid\u00bb angled_section=\u00bbno\u00bb text_align=\u00bbleft\u00bb background_image_as_pattern=\u00bbwithout_pattern\u00bb anchor=\u00bbsmartbees\u00bb css=\u00bb.vc_custom_1678366234870{background-color: #194a75 !important;}\u00bb z_index=\u00bb\u00bb el_class=\u00bbbandeau-desktop\u00bb][vc_column width=\u00bb1\/6&#8243; el_class=\u00bbh1border\u00bb offset=\u00bbvc_hidden-sm vc_hidden-xs\u00bb css=\u00bb.vc_custom_1674116649235{padding-top: 10% !important;padding-bottom: 10% !important;}\u00bb][vc_column_text css=\u00bb.vc_custom_1674116529592{padding-top: 0px !important;padding-right: 10px !important;padding-bottom: 0px !important;padding-left: 10px !important;}\u00bb]<\/p>\n<h1>Blue<br \/>\nPrint<\/h1>\n<p>[\/vc_column_text][\/vc_column][vc_column width=\u00bb5\/6&#8243;][vc_single_image image=\u00bb17553&#8243; img_size=\u00bbfull\u00bb alignment=\u00bbright\u00bb qode_css_animation=\u00bbelement_from_right\u00bb][\/vc_column][\/vc_row][vc_row css_animation=\u00bb\u00bb row_type=\u00bbrow\u00bb use_row_as_full_screen_section=\u00bbyes\u00bb type=\u00bbfull_width\u00bb angled_section=\u00bbno\u00bb text_align=\u00bbleft\u00bb background_image_as_pattern=\u00bbwithout_pattern\u00bb anchor=\u00bbsmartbees\u00bb css=\u00bb.vc_custom_1678366203058{background-color: #194a75 !important;}\u00bb z_index=\u00bb\u00bb el_class=\u00bbbandeau-mobile\u00bb][vc_column el_class=\u00bbh1border\u00bb css=\u00bb.vc_custom_1678366285280{padding-top: 0px !important;padding-right: 10px !important;padding-bottom: 0px !important;padding-left: 10px !important;}\u00bb offset=\u00bbvc_hidden-lg vc_hidden-md vc_hidden-sm vc_hidden-xs\u00bb][vc_column_text css=\u00bb.vc_custom_1678313021279{padding-top: 20% !important;padding-bottom: 10% !important;}\u00bb]<\/p>\n<h1 style=\"text-align: center;\">Blue<br \/>\nPrint<\/h1>\n<p>[\/vc_column_text][\/vc_column][\/vc_row][vc_row css_animation=\u00bb\u00bb row_type=\u00bbrow\u00bb use_row_as_full_screen_section=\u00bbno\u00bb type=\u00bbgrid\u00bb angled_section=\u00bbno\u00bb text_align=\u00bbleft\u00bb background_image_as_pattern=\u00bbwithout_pattern\u00bb padding_top=\u00bb87&#8243; padding_bottom=\u00bb0&#8243; background_color=\u00bb#ffffff\u00bb][vc_column width=\u00bb11\/12&#8243; offset=\u00bbvc_col-lg-offset-1 vc_col-md-offset-1 vc_col-xs-12&#8243;][vc_column_text]<\/p>\n<h2>Blue Bees es una agencia dedicada a la consultor\u00eda de imagen y estrategia.<\/h2>\n<p>[\/vc_column_text][vc_separator type=\u00bbsmall\u00bb position=\u00bbleft\u00bb color=\u00bb#25385b\u00bb thickness=\u00bb4&#8243; width=\u00bb45&#8243; up=\u00bb7&#8243;][\/vc_column][\/vc_row][vc_row css_animation=\u00bb\u00bb row_type=\u00bbrow\u00bb use_row_as_full_screen_section=\u00bbno\u00bb type=\u00bbgrid\u00bb angled_section=\u00bbno\u00bb text_align=\u00bbleft\u00bb background_image_as_pattern=\u00bbwithout_pattern\u00bb padding_top=\u00bb87&#8243; padding_bottom=\u00bb0&#8243; background_color=\u00bb#ffffff\u00bb css=\u00bb.vc_custom_1558916048163{padding-top: 0px !important;}\u00bb z_index=\u00bb\u00bb][vc_column width=\u00bb11\/12&#8243; offset=\u00bbvc_col-lg-offset-1 vc_col-md-offset-1 vc_col-xs-12&#8243;][vc_column_text]<\/p>\n<h4>Nuestro ecosistema se compone de una constelaci\u00f3n de <strong>expertos creativos y reactivos<\/strong> para hacer de su proyecto un \u00e9xito, desde el dise\u00f1o o redise\u00f1o de su comunicaci\u00f3n hasta la creaci\u00f3n de sus eventos corporativos\u00a0:<\/h4>\n<h4>Consultor\u00eda de estrategia y comunicaci\u00f3n global, artista gr\u00e1fico e ilustrador, desarrollador, especialista en SEO y UX, impresor, conferenciante, especialista en \u201cteam building\u201d y creaci\u00f3n de eventos, etc.<\/h4>\n<p>[\/vc_column_text][\/vc_column][\/vc_row][vc_row css_animation=\u00bb\u00bb row_type=\u00bbrow\u00bb use_row_as_full_screen_section=\u00bbno\u00bb type=\u00bbgrid\u00bb angled_section=\u00bbno\u00bb text_align=\u00bbleft\u00bb background_image_as_pattern=\u00bbwithout_pattern\u00bb background_color=\u00bb#ffffff\u00bb css=\u00bb.vc_custom_1678832793105{padding-top: 70px !important;}\u00bb z_index=\u00bb\u00bb el_class=\u00bbbandeau-desktop\u00bb][vc_column width=\u00bb1\/6&#8243;][vc_single_image image=\u00bb16928&#8243; img_size=\u00bbfull\u00bb qode_css_animation=\u00bb\u00bb css=\u00bb.vc_custom_1558950563324{margin-right: 0px !important;margin-left: 0px !important;border-right-width: 0px !important;border-left-width: 0px !important;padding-right: 0px !important;padding-bottom: 12px !important;padding-left: 0px !important;}\u00bb][vc_single_image image=\u00bb16927&#8243; img_size=\u00bbfull\u00bb qode_css_animation=\u00bb\u00bb css=\u00bb.vc_custom_1558916500968{margin-right: 0px !important;margin-left: 0px !important;border-right-width: 0px !important;border-left-width: 0px !important;padding-right: 0px !important;padding-left: 0px !important;}\u00bb][\/vc_column][vc_column width=\u00bb2\/3&#8243; offset=\u00bbvc_col-lg-8 vc_col-md-4\/5 vc_col-xs-4\/5&#8243;][vc_column_text css=\u00bb.vc_custom_1558950386524{padding-top: 30px !important;}\u00bb]<\/p>\n<h2>\u00bfLa g\u00e9nesis de Blue Bees? <\/h2>\n<p>[\/vc_column_text][vc_separator type=\u00bbsmall\u00bb position=\u00bbleft\u00bb color=\u00bb#25385b\u00bb thickness=\u00bb4&#8243; width=\u00bb45&#8243; up=\u00bb7&#8243;][vc_column_text]<\/p>\n<h3>Dos mujeres condenadamente empresarias:<\/h3>\n<p>[\/vc_column_text][vc_column_text css=\u00bb.vc_custom_1558916684447{padding-top: 12px !important;}\u00bb]<\/p>\n<h4><strong>CLAIRE LE MEUR<\/strong>, apasionada de las antig\u00fcedades y la literatura, lleva m\u00e1s de veinte a\u00f1os navegando entre el mundo de la comunicaci\u00f3n y el del arte.<\/h4>\n<p>[\/vc_column_text][vc_column_text css=\u00bb.vc_custom_1558916693336{padding-top: 12px !important;}\u00bb]<\/p>\n<h4><strong>DELPHINE MICHARD-GRUNWALD<\/strong>, entusiasta del arte contempor\u00e1neo, tambi\u00e9n al frente de <a href=\"https:\/\/fifty-bees.com\/es\" target=\"_blank\" rel=\"noopener noreferrer\">Fifty Bees<\/a>, empresa que ofrece un apoyo \u00fanico, global y a medida para satisfacer tus necesidades empresariales: consultor\u00eda de gobernanza, RRHH, contabilidad, finanzas, gesti\u00f3n jur\u00eddica y social.<\/h4>\n<p>[\/vc_column_text][\/vc_column][\/vc_row][vc_row css_animation=\u00bb\u00bb row_type=\u00bbrow\u00bb use_row_as_full_screen_section=\u00bbno\u00bb type=\u00bbgrid\u00bb angled_section=\u00bbno\u00bb text_align=\u00bbleft\u00bb background_image_as_pattern=\u00bbwithout_pattern\u00bb padding_top=\u00bb87&#8243; padding_bottom=\u00bb0&#8243; background_color=\u00bb#ffffff\u00bb css=\u00bb.vc_custom_1678366361793{padding-top: 20px !important;}\u00bb z_index=\u00bb\u00bb el_class=\u00bbbandeau-mobile\u00bb][vc_column offset=\u00bbvc_col-lg-8 vc_col-md-4\/5 vc_col-xs-1&#8243;][vc_column_text css=\u00bb.vc_custom_1558950386524{padding-top: 30px !important;}\u00bb]<\/p>\n<h2>\u00bfLa g\u00e9nesis de Blue Bees? <\/h2>\n<p>[\/vc_column_text][vc_separator type=\u00bbsmall\u00bb position=\u00bbleft\u00bb color=\u00bb#25385b\u00bb thickness=\u00bb4&#8243; width=\u00bb45&#8243; up=\u00bb7&#8243;][vc_single_image image=\u00bb16927&#8243; img_size=\u00bbfull\u00bb qode_css_animation=\u00bb\u00bb css=\u00bb.vc_custom_1558916500968{margin-right: 0px !important;margin-left: 0px !important;border-right-width: 0px !important;border-left-width: 0px !important;padding-right: 0px !important;padding-left: 0px !important;}\u00bb][vc_separator type=\u00bbtransparent\u00bb up=\u00bb5&#8243; down=\u00bb5&#8243;][vc_single_image image=\u00bb16928&#8243; img_size=\u00bbfull\u00bb qode_css_animation=\u00bb\u00bb css=\u00bb.vc_custom_1558950563324{margin-right: 0px !important;margin-left: 0px !important;border-right-width: 0px !important;border-left-width: 0px !important;padding-right: 0px !important;padding-bottom: 12px !important;padding-left: 0px !important;}\u00bb][vc_separator type=\u00bbtransparent\u00bb up=\u00bb5&#8243; down=\u00bb5&#8243;][vc_column_text]<\/p>\n<h3>Dos mujeres condenadamente empresarias:<\/h3>\n<p>[\/vc_column_text][vc_column_text css=\u00bb.vc_custom_1558916684447{padding-top: 12px !important;}\u00bb]<\/p>\n<h4><strong>CLAIRE LE MEUR<\/strong>, apasionada de las antig\u00fcedades y la literatura, lleva m\u00e1s de veinte a\u00f1os navegando entre el mundo de la comunicaci\u00f3n y el del arte.<\/h4>\n<p>[\/vc_column_text][vc_column_text css=\u00bb.vc_custom_1558916693336{padding-top: 12px !important;}\u00bb]<\/p>\n<h4><strong>DELPHINE MICHARD-GRUNWALD<\/strong>, entusiasta del arte contempor\u00e1neo, tambi\u00e9n al frente de <a href=\"https:\/\/fifty-bees.com\/es\" target=\"_blank\" rel=\"noopener noreferrer\">Fifty Bees<\/a>, empresa que ofrece un apoyo \u00fanico, global y a medida para satisfacer tus necesidades empresariales: consultor\u00eda de gobernanza, RRHH, contabilidad, finanzas, gesti\u00f3n jur\u00eddica y social.<\/h4>\n<p>[\/vc_column_text][\/vc_column][\/vc_row][vc_row css_animation=\u00bb\u00bb row_type=\u00bbrow\u00bb use_row_as_full_screen_section=\u00bbyes\u00bb type=\u00bbgrid\u00bb angled_section=\u00bbno\u00bb text_align=\u00bbleft\u00bb background_image_as_pattern=\u00bbwithout_pattern\u00bb css=\u00bb.vc_custom_1558916903114{margin-top: 0px !important;margin-right: 0px !important;border-top-width: 0px !important;border-right-width: 0px !important;padding-top: 0px !important;padding-right: 0px !important;}\u00bb anchor=\u00bbbeezen\u00bb z_index=\u00bb\u00bb][vc_column][vc_single_image image=\u00bb16926&#8243; img_size=\u00bbfull\u00bb alignment=\u00bbcenter\u00bb qode_css_animation=\u00bb\u00bb][\/vc_column][\/vc_row][vc_row css_animation=\u00bb\u00bb row_type=\u00bbrow\u00bb use_row_as_full_screen_section=\u00bbno\u00bb type=\u00bbfull_width\u00bb angled_section=\u00bbno\u00bb text_align=\u00bbleft\u00bb background_image_as_pattern=\u00bbwithout_pattern\u00bb][vc_column][vc_separator type=\u00bbtransparent\u00bb down=\u00bb50&#8243;][\/vc_column][\/vc_row]<\/p>\n<\/div>","protected":false},"excerpt":{"rendered":"<p>[vc_row css_animation=\u00bb\u00bb row_type=\u00bbrow\u00bb use_row_as_full_screen_section=\u00bbno\u00bb type=\u00bbfull_width\u00bb angled_section=\u00bbno\u00bb text_align=\u00bbleft\u00bb background_image_as_pattern=\u00bbwithout_pattern\u00bb z_index=\u00bb\u00bb el_class=\u00bbhero-separator\u00bb][vc_column][vc_separator type=\u00bbtransparent\u00bb down=\u00bb20&#8243;][\/vc_column][\/vc_row][vc_row css_animation=\u00bb\u00bb row_type=\u00bbrow\u00bb use_row_as_full_screen_section=\u00bbno\u00bb type=\u00bbfull_width\u00bb angled_section=\u00bbno\u00bb text_align=\u00bbleft\u00bb background_image_as_pattern=\u00bbwithout_pattern\u00bb z_index=\u00bb\u00bb el_id=\u00bbhero-image\u00bb][vc_column][vc_single_image image=\u00bb16011&#8243; img_size=\u00bbfull\u00bb alignment=\u00bbcenter\u00bb qode_css_animation=\u00bb\u00bb][\/vc_column][\/vc_row][vc_row css_animation=\u00bb\u00bb row_type=\u00bbrow\u00bb use_row_as_full_screen_section=\u00bbno\u00bb type=\u00bbfull_width\u00bb angled_section=\u00bbno\u00bb text_align=\u00bbleft\u00bb background_image_as_pattern=\u00bbwithout_pattern\u00bb z_index=\u00bb\u00bb el_class=\u00bbhero-separator\u00bb][vc_column][vc_separator type=\u00bbtransparent\u00bb][\/vc_column][\/vc_row][vc_row css_animation=\u00bb\u00bb row_type=\u00bbrow\u00bb use_row_as_full_screen_section=\u00bbno\u00bb type=\u00bbgrid\u00bb angled_section=\u00bbno\u00bb text_align=\u00bbcenter\u00bb background_image_as_pattern=\u00bbwithout_pattern\u00bb z_index=\u00bb\u00bb css=\u00bb.vc_custom_1559636728189{padding-top: 75px&#8230;<\/p>\n","protected":false},"author":5,"featured_media":0,"parent":0,"menu_order":0,"comment_status":"open","ping_status":"closed","template":"full_width.php","meta":{"footnotes":""},"class_list":["post-16913","page","type-page","status-publish","hentry"],"yoast_head":"<!-- This site is optimized with the Yoast SEO plugin v25.7 - https:\/\/yoast.com\/wordpress\/plugins\/seo\/ -->\n<title>Inicio - Blue Bees<\/title>\n<meta name=\"description\" content=\"\u00a1Blue Bees es una agencia dedicada a la consultor\u00eda de imagen y estrategia, rodeada de un ecosistema de expertos creativos y receptivos!\" \/>\n<meta name=\"robots\" content=\"index, follow, max-snippet:-1, max-image-preview:large, max-video-preview:-1\" \/>\n<link rel=\"canonical\" href=\"https:\/\/blue-bees.fr\/es\/\" \/>\n<meta property=\"og:locale\" content=\"es_ES\" \/>\n<meta property=\"og:type\" content=\"article\" \/>\n<meta property=\"og:title\" content=\"Inicio - Blue Bees\" \/>\n<meta property=\"og:description\" content=\"\u00a1Blue Bees es una agencia dedicada a la consultor\u00eda de imagen y estrategia, rodeada de un ecosistema de expertos creativos y receptivos!\" \/>\n<meta property=\"og:url\" content=\"https:\/\/blue-bees.fr\/es\/\" \/>\n<meta property=\"og:site_name\" content=\"Blue Bees\" \/>\n<meta property=\"article:modified_time\" content=\"2024-02-28T12:07:41+00:00\" \/>\n<meta name=\"twitter:card\" content=\"summary_large_image\" \/>\n<meta name=\"twitter:label1\" content=\"Tiempo de lectura\" \/>\n\t<meta name=\"twitter:data1\" content=\"7 minutos\" \/>\n<script type=\"application\/ld+json\" class=\"yoast-schema-graph\">{\"@context\":\"https:\/\/schema.org\",\"@graph\":[{\"@type\":\"WebPage\",\"@id\":\"https:\/\/blue-bees.fr\/es\/\",\"url\":\"https:\/\/blue-bees.fr\/es\/\",\"name\":\"Inicio - Blue Bees\",\"isPartOf\":{\"@id\":\"https:\/\/blue-bees.fr\/es\/#website\"},\"datePublished\":\"2021-04-02T08:19:51+00:00\",\"dateModified\":\"2024-02-28T12:07:41+00:00\",\"description\":\"\u00a1Blue Bees es una agencia dedicada a la consultor\u00eda de imagen y estrategia, rodeada de un ecosistema de expertos creativos y receptivos!\",\"breadcrumb\":{\"@id\":\"https:\/\/blue-bees.fr\/es\/#breadcrumb\"},\"inLanguage\":\"es\",\"potentialAction\":[{\"@type\":\"ReadAction\",\"target\":[\"https:\/\/blue-bees.fr\/es\/\"]}]},{\"@type\":\"BreadcrumbList\",\"@id\":\"https:\/\/blue-bees.fr\/es\/#breadcrumb\",\"itemListElement\":[{\"@type\":\"ListItem\",\"position\":1,\"name\":\"Accueil\",\"item\":\"https:\/\/blue-bees.fr\/es\/\"},{\"@type\":\"ListItem\",\"position\":2,\"name\":\"Inicio\"}]},{\"@type\":\"WebSite\",\"@id\":\"https:\/\/blue-bees.fr\/es\/#website\",\"url\":\"https:\/\/blue-bees.fr\/es\/\",\"name\":\"Blue Bees\",\"description\":\"Innover l&#039;entreprise\",\"publisher\":{\"@id\":\"https:\/\/blue-bees.fr\/es\/#organization\"},\"potentialAction\":[{\"@type\":\"SearchAction\",\"target\":{\"@type\":\"EntryPoint\",\"urlTemplate\":\"https:\/\/blue-bees.fr\/es\/?s={search_term_string}\"},\"query-input\":{\"@type\":\"PropertyValueSpecification\",\"valueRequired\":true,\"valueName\":\"search_term_string\"}}],\"inLanguage\":\"es\"},{\"@type\":\"Organization\",\"@id\":\"https:\/\/blue-bees.fr\/es\/#organization\",\"name\":\"Blue Bees\",\"url\":\"https:\/\/blue-bees.fr\/es\/\",\"logo\":{\"@type\":\"ImageObject\",\"inLanguage\":\"es\",\"@id\":\"https:\/\/blue-bees.fr\/es\/#\/schema\/logo\/image\/\",\"url\":\"https:\/\/blue-bees.fr\/wp-content\/uploads\/2019\/05\/logo_the_blue_bees_500px.jpg\",\"contentUrl\":\"https:\/\/blue-bees.fr\/wp-content\/uploads\/2019\/05\/logo_the_blue_bees_500px.jpg\",\"width\":500,\"height\":276,\"caption\":\"Blue Bees\"},\"image\":{\"@id\":\"https:\/\/blue-bees.fr\/es\/#\/schema\/logo\/image\/\"}}]}<\/script>\n<!-- \/ Yoast SEO plugin. -->","yoast_head_json":{"title":"Inicio - Blue Bees","description":"\u00a1Blue Bees es una agencia dedicada a la consultor\u00eda de imagen y estrategia, rodeada de un ecosistema de expertos creativos y receptivos!","robots":{"index":"index","follow":"follow","max-snippet":"max-snippet:-1","max-image-preview":"max-image-preview:large","max-video-preview":"max-video-preview:-1"},"canonical":"https:\/\/blue-bees.fr\/es\/","og_locale":"es_ES","og_type":"article","og_title":"Inicio - Blue Bees","og_description":"\u00a1Blue Bees es una agencia dedicada a la consultor\u00eda de imagen y estrategia, rodeada de un ecosistema de expertos creativos y receptivos!","og_url":"https:\/\/blue-bees.fr\/es\/","og_site_name":"Blue Bees","article_modified_time":"2024-02-28T12:07:41+00:00","twitter_card":"summary_large_image","twitter_misc":{"Tiempo de lectura":"7 minutos"},"schema":{"@context":"https:\/\/schema.org","@graph":[{"@type":"WebPage","@id":"https:\/\/blue-bees.fr\/es\/","url":"https:\/\/blue-bees.fr\/es\/","name":"Inicio - Blue Bees","isPartOf":{"@id":"https:\/\/blue-bees.fr\/es\/#website"},"datePublished":"2021-04-02T08:19:51+00:00","dateModified":"2024-02-28T12:07:41+00:00","description":"\u00a1Blue Bees es una agencia dedicada a la consultor\u00eda de imagen y estrategia, rodeada de un ecosistema de expertos creativos y receptivos!","breadcrumb":{"@id":"https:\/\/blue-bees.fr\/es\/#breadcrumb"},"inLanguage":"es","potentialAction":[{"@type":"ReadAction","target":["https:\/\/blue-bees.fr\/es\/"]}]},{"@type":"BreadcrumbList","@id":"https:\/\/blue-bees.fr\/es\/#breadcrumb","itemListElement":[{"@type":"ListItem","position":1,"name":"Accueil","item":"https:\/\/blue-bees.fr\/es\/"},{"@type":"ListItem","position":2,"name":"Inicio"}]},{"@type":"WebSite","@id":"https:\/\/blue-bees.fr\/es\/#website","url":"https:\/\/blue-bees.fr\/es\/","name":"Blue Bees","description":"Innover l&#039;entreprise","publisher":{"@id":"https:\/\/blue-bees.fr\/es\/#organization"},"potentialAction":[{"@type":"SearchAction","target":{"@type":"EntryPoint","urlTemplate":"https:\/\/blue-bees.fr\/es\/?s={search_term_string}"},"query-input":{"@type":"PropertyValueSpecification","valueRequired":true,"valueName":"search_term_string"}}],"inLanguage":"es"},{"@type":"Organization","@id":"https:\/\/blue-bees.fr\/es\/#organization","name":"Blue Bees","url":"https:\/\/blue-bees.fr\/es\/","logo":{"@type":"ImageObject","inLanguage":"es","@id":"https:\/\/blue-bees.fr\/es\/#\/schema\/logo\/image\/","url":"https:\/\/blue-bees.fr\/wp-content\/uploads\/2019\/05\/logo_the_blue_bees_500px.jpg","contentUrl":"https:\/\/blue-bees.fr\/wp-content\/uploads\/2019\/05\/logo_the_blue_bees_500px.jpg","width":500,"height":276,"caption":"Blue Bees"},"image":{"@id":"https:\/\/blue-bees.fr\/es\/#\/schema\/logo\/image\/"}}]}},"_links":{"self":[{"href":"https:\/\/blue-bees.fr\/es\/wp-json\/wp\/v2\/pages\/16913","targetHints":{"allow":["GET"]}}],"collection":[{"href":"https:\/\/blue-bees.fr\/es\/wp-json\/wp\/v2\/pages"}],"about":[{"href":"https:\/\/blue-bees.fr\/es\/wp-json\/wp\/v2\/types\/page"}],"author":[{"embeddable":true,"href":"https:\/\/blue-bees.fr\/es\/wp-json\/wp\/v2\/users\/5"}],"replies":[{"embeddable":true,"href":"https:\/\/blue-bees.fr\/es\/wp-json\/wp\/v2\/comments?post=16913"}],"version-history":[{"count":7,"href":"https:\/\/blue-bees.fr\/es\/wp-json\/wp\/v2\/pages\/16913\/revisions"}],"predecessor-version":[{"id":17619,"href":"https:\/\/blue-bees.fr\/es\/wp-json\/wp\/v2\/pages\/16913\/revisions\/17619"}],"wp:attachment":[{"href":"https:\/\/blue-bees.fr\/es\/wp-json\/wp\/v2\/media?parent=16913"}],"curies":[{"name":"wp","href":"https:\/\/api.w.org\/{rel}","templated":true}]}}